{"id":6834,"date":"2025-09-07T05:34:06","date_gmt":"2025-09-07T05:34:06","guid":{"rendered":"https:\/\/sciensync.ca\/?page_id=6834"},"modified":"2025-09-07T05:34:41","modified_gmt":"2025-09-07T05:34:41","slug":"about-us-2","status":"publish","type":"page","link":"https:\/\/sciensync.ca\/fr\/about-us-2\/","title":{"rendered":"\u00c0 propos"},"content":{"rendered":"<div data-elementor-type=\"wp-page\" data-elementor-id=\"6834\" class=\"elementor elementor-6834\" data-elementor-post-type=\"page\">\n\t\t\t\t<div class=\"elementor-element elementor-element-39ef4a1c e-flex e-con-boxed ecomus-responsive-column ecomus-tablet-column--default ecomus-responsive-column ecomus-mobile-column--default e-con e-parent\" data-id=\"39ef4a1c\" data-element_type=\"container\" data-settings=\"{&quot;background_background&quot;:&quot;classic&quot;}\">\n\t\t\t\t\t<div class=\"e-con-inner\">\n\t\t\t\t<div class=\"elementor-element elementor-element-721bec10 elementor-widget elementor-widget-ecomus-heading\" data-id=\"721bec10\" data-element_type=\"widget\" data-widget_type=\"ecomus-heading.default\">\n\t\t\t\t<div class=\"elementor-widget-container\">\n\t\t\t\t\t\t\t<div class=\"ecomus-heading-elementor\">\n\t\t\t\t<h1 class=\"ecomus-heading em-flex em-flex-align-center ecomus-heading--default\">\n\t\t\t\t\t\t\t\t\t\t\u00c0 Propos De Nous\t\t\t\t<\/h1>\n\t\t\t<\/div>\n\t\t\t\t\t\t<\/div>\n\t\t\t\t<\/div>\n\t\t\t\t\t<\/div>\n\t\t\t\t<\/div>\n\t\t<div class=\"elementor-element elementor-element-536d22d6 e-flex e-con-boxed ecomus-responsive-column ecomus-tablet-column--default ecomus-responsive-column ecomus-mobile-column--default e-con e-parent\" data-id=\"536d22d6\" data-element_type=\"container\">\n\t\t\t\t\t<div class=\"e-con-inner\">\n\t\t\t\t<div class=\"elementor-element elementor-element-610a134e elementor-widget elementor-widget-ecomus-heading\" data-id=\"610a134e\" data-element_type=\"widget\" data-widget_type=\"ecomus-heading.default\">\n\t\t\t\t<div class=\"elementor-widget-container\">\n\t\t\t\t\t\t\t<div class=\"ecomus-heading-elementor\">\n\t\t\t\t<h3 class=\"ecomus-heading em-flex em-flex-align-center ecomus-heading--default\">\n\t\t\t\t\t\t\t\t\t\tSur ScienSync International Inc\t\t\t\t<\/h3>\n\t\t\t<\/div>\n\t\t\t\t\t\t<\/div>\n\t\t\t\t<\/div>\n\t\t\t\t<div class=\"elementor-element elementor-element-429ecbe0 elementor-widget elementor-widget-ecomus-heading\" data-id=\"429ecbe0\" data-element_type=\"widget\" data-widget_type=\"ecomus-heading.default\">\n\t\t\t\t<div class=\"elementor-widget-container\">\n\t\t\t\t\t\t\t<div class=\"ecomus-heading-elementor\">\n\t\t\t\t<h5 class=\"ecomus-heading em-flex em-flex-align-center ecomus-heading--default\">\n\t\t\t\t\t\t\t\t\t\t\u00c9tabli - 2019\t\t\t\t<\/h5>\n\t\t\t<\/div>\n\t\t\t\t\t\t<\/div>\n\t\t\t\t<\/div>\n\t\t\t\t<div class=\"elementor-element elementor-element-6b989e9e elementor-widget__width-initial elementor-widget elementor-widget-text-editor\" data-id=\"6b989e9e\" data-element_type=\"widget\" data-widget_type=\"text-editor.default\">\n\t\t\t\t\t\t\t\t\t<p>ScienSync Inc. fournit une gamme de solutions esth\u00e9tiques. Gr\u00e2ce \u00e0 notre vaste partenariat des \u00e9tablissements de soins de sant\u00e9, nous livrons des prix abordables, efficaces, personnalis\u00e9s et des produits innovateurs \u00e0 travers diff\u00e9rentes sp\u00e9cialit\u00e9s. Nous prenons la fiert\u00e9 dans la conception et le maintien de notre propre marque, dans le respect des normes les plus \u00e9lev\u00e9es. En outre, Nous exportons nos produits de haute qualit\u00e9 et de les distribuer \u00e0 l&#8217;\u00e9chelle internationale afin d&#8217;assurer les meilleurs r\u00e9sultats possibles pour nos clients.<\/p>\t\t\t\t\t\t\t\t<\/div>\n\t\t\t\t\t<\/div>\n\t\t\t\t<\/div>\n\t\t<div class=\"elementor-element elementor-element-9594720 e-flex e-con-boxed ecomus-responsive-column ecomus-tablet-column--default ecomus-responsive-column ecomus-mobile-column--default e-con e-parent\" data-id=\"9594720\" data-element_type=\"container\">\n\t\t\t\t\t<div class=\"e-con-inner\">\n\t\t<div class=\"elementor-element elementor-element-17010aac e-con-full e-flex ecomus-responsive-column ecomus-tablet-column--default ecomus-responsive-column ecomus-mobile-column--default e-con e-child\" data-id=\"17010aac\" data-element_type=\"container\">\n\t\t\t\t<div class=\"elementor-element elementor-element-7fb0b3b3 elementor-widget elementor-widget-image\" data-id=\"7fb0b3b3\" data-element_type=\"widget\" data-widget_type=\"image.default\">\n\t\t\t\t\t\t\t\t\t\t\t\t\t\t\t<img fetchpriority=\"high\" decoding=\"async\" width=\"1536\" height=\"1024\" src=\"https:\/\/sciensync.ca\/wp-content\/uploads\/2025\/09\/cardiovascular-health-doctor-showcases-heart-wave-icon-emphasizing-heart-wellness-1536x1024-1.jpg\" class=\"attachment-full size-full wp-image-6681\" alt=\"\" srcset=\"https:\/\/sciensync.ca\/wp-content\/uploads\/2025\/09\/cardiovascular-health-doctor-showcases-heart-wave-icon-emphasizing-heart-wellness-1536x1024-1.jpg 1536w, https:\/\/sciensync.ca\/wp-content\/uploads\/2025\/09\/cardiovascular-health-doctor-showcases-heart-wave-icon-emphasizing-heart-wellness-1536x1024-1-300x200.jpg 300w, https:\/\/sciensync.ca\/wp-content\/uploads\/2025\/09\/cardiovascular-health-doctor-showcases-heart-wave-icon-emphasizing-heart-wellness-1536x1024-1-1024x683.jpg 1024w, https:\/\/sciensync.ca\/wp-content\/uploads\/2025\/09\/cardiovascular-health-doctor-showcases-heart-wave-icon-emphasizing-heart-wellness-1536x1024-1-768x512.jpg 768w, https:\/\/sciensync.ca\/wp-content\/uploads\/2025\/09\/cardiovascular-health-doctor-showcases-heart-wave-icon-emphasizing-heart-wellness-1536x1024-1-18x12.jpg 18w, https:\/\/sciensync.ca\/wp-content\/uploads\/2025\/09\/cardiovascular-health-doctor-showcases-heart-wave-icon-emphasizing-heart-wellness-1536x1024-1-700x467.jpg 700w, https:\/\/sciensync.ca\/wp-content\/uploads\/2025\/09\/cardiovascular-health-doctor-showcases-heart-wave-icon-emphasizing-heart-wellness-1536x1024-1-130x87.jpg 130w\" sizes=\"(max-width: 1536px) 100vw, 1536px\" \/>\t\t\t\t\t\t\t\t\t\t\t\t\t\t\t<\/div>\n\t\t\t\t<\/div>\n\t\t<div class=\"elementor-element elementor-element-408f348 e-con-full e-flex ecomus-responsive-column ecomus-tablet-column--default ecomus-responsive-column ecomus-mobile-column--default e-con e-child\" data-id=\"408f348\" data-element_type=\"container\">\n\t\t<div class=\"elementor-element elementor-element-5e120e27 e-flex e-con-boxed ecomus-responsive-column ecomus-tablet-column--default ecomus-responsive-column ecomus-mobile-column--default e-con e-child\" data-id=\"5e120e27\" data-element_type=\"container\">\n\t\t\t\t\t<div class=\"e-con-inner\">\n\t\t\t\t<div class=\"elementor-element elementor-element-9b4b89c elementor-widget elementor-widget-ecomus-heading\" data-id=\"9b4b89c\" data-element_type=\"widget\" data-widget_type=\"ecomus-heading.default\">\n\t\t\t\t<div class=\"elementor-widget-container\">\n\t\t\t\t\t\t\t<div class=\"ecomus-heading-elementor\">\n\t\t\t\t<h4 class=\"ecomus-heading em-flex em-flex-align-center ecomus-heading--default\">\n\t\t\t\t\t\t\t\t\t\tNotre Vision\t\t\t\t<\/h4>\n\t\t\t<\/div>\n\t\t\t\t\t\t<\/div>\n\t\t\t\t<\/div>\n\t\t\t\t<div class=\"elementor-element elementor-element-743c4bcd elementor-widget elementor-widget-text-editor\" data-id=\"743c4bcd\" data-element_type=\"widget\" data-widget_type=\"text-editor.default\">\n\t\t\t\t\t\t\t\t\t<p>Notre vision se d\u00e9roule dans un futur o\u00f9 les fronti\u00e8res entre la pointe de la science et de la sant\u00e9 au quotidien flou, la cr\u00e9ation d&#8217;une int\u00e9gration transparente. Dans le long terme, ScienSync s&#8217;est engag\u00e9 \u00e0 fers de lance de l&#8217;innovation en sant\u00e9. Nous avons pour objectif de cultiver le bien-\u00eatre communautaire par l&#8217;introduction de transformation de produits qui promettent durablement un avenir plus sain pour tout le monde.<\/p>\t\t\t\t\t\t\t\t<\/div>\n\t\t\t\t\t<\/div>\n\t\t\t\t<\/div>\n\t\t\t\t<\/div>\n\t\t\t\t\t<\/div>\n\t\t\t\t<\/div>\n\t\t<div class=\"elementor-element elementor-element-3cee4a10 e-flex e-con-boxed ecomus-responsive-column ecomus-tablet-column--default ecomus-responsive-column ecomus-mobile-column--default e-con e-parent\" data-id=\"3cee4a10\" data-element_type=\"container\">\n\t\t\t\t\t<div class=\"e-con-inner\">\n\t\t<div class=\"elementor-element elementor-element-5e92ed74 e-con-full e-flex ecomus-responsive-column ecomus-tablet-column--default ecomus-responsive-column ecomus-mobile-column--default e-con e-child\" data-id=\"5e92ed74\" data-element_type=\"container\">\n\t\t<div class=\"elementor-element elementor-element-5659fefa e-flex e-con-boxed ecomus-responsive-column ecomus-tablet-column--default ecomus-responsive-column ecomus-mobile-column--default e-con e-child\" data-id=\"5659fefa\" data-element_type=\"container\">\n\t\t\t\t\t<div class=\"e-con-inner\">\n\t\t\t\t<div class=\"elementor-element elementor-element-69e62ebd elementor-widget-mobile__width-inherit elementor-widget elementor-widget-ecomus-heading\" data-id=\"69e62ebd\" data-element_type=\"widget\" data-widget_type=\"ecomus-heading.default\">\n\t\t\t\t<div class=\"elementor-widget-container\">\n\t\t\t\t\t\t\t<div class=\"ecomus-heading-elementor\">\n\t\t\t\t<h4 class=\"ecomus-heading em-flex em-flex-align-center ecomus-heading--default\">\n\t\t\t\t\t\t\t\t\t\tNotre Mission\t\t\t\t<\/h4>\n\t\t\t<\/div>\n\t\t\t\t\t\t<\/div>\n\t\t\t\t<\/div>\n\t\t\t\t<div class=\"elementor-element elementor-element-4673fe90 elementor-widget elementor-widget-text-editor\" data-id=\"4673fe90\" data-element_type=\"widget\" data-widget_type=\"text-editor.default\">\n\t\t\t\t\t\t\t\t\t<p>ScienSync est d\u00e9di\u00e9e \u00e0 l&#8217;exploitation de la puissance de la science et de l&#8217;amener dans une parfaite harmonie avec le bien-\u00eatre de l&#8217;humanit\u00e9. Nousre ax\u00e9e sur l&#8217;utilisation des progr\u00e8s scientifiques, afin de fournir imm\u00e9diatement des avantages tangibles aux personnesbien-\u00eatre.<\/p>\t\t\t\t\t\t\t\t<\/div>\n\t\t\t\t\t<\/div>\n\t\t\t\t<\/div>\n\t\t\t\t<\/div>\n\t\t<div class=\"elementor-element elementor-element-778e0fb e-con-full e-flex ecomus-responsive-column ecomus-tablet-column--default ecomus-responsive-column ecomus-mobile-column--default e-con e-child\" data-id=\"778e0fb\" data-element_type=\"container\">\n\t\t\t\t<div class=\"elementor-element elementor-element-7a0a5a9 elementor-widget elementor-widget-image\" data-id=\"7a0a5a9\" data-element_type=\"widget\" data-widget_type=\"image.default\">\n\t\t\t\t\t\t\t\t\t\t\t\t\t\t\t<img decoding=\"async\" width=\"896\" height=\"504\" src=\"https:\/\/sciensync.ca\/wp-content\/uploads\/2025\/09\/ac912e55-2875-4549-9308-d0e41a15ad6f.jpg\" class=\"attachment-large size-large wp-image-6688\" alt=\"\" srcset=\"https:\/\/sciensync.ca\/wp-content\/uploads\/2025\/09\/ac912e55-2875-4549-9308-d0e41a15ad6f.jpg 896w, https:\/\/sciensync.ca\/wp-content\/uploads\/2025\/09\/ac912e55-2875-4549-9308-d0e41a15ad6f-300x169.jpg 300w, https:\/\/sciensync.ca\/wp-content\/uploads\/2025\/09\/ac912e55-2875-4549-9308-d0e41a15ad6f-768x432.jpg 768w, https:\/\/sciensync.ca\/wp-content\/uploads\/2025\/09\/ac912e55-2875-4549-9308-d0e41a15ad6f-18x10.jpg 18w, https:\/\/sciensync.ca\/wp-content\/uploads\/2025\/09\/ac912e55-2875-4549-9308-d0e41a15ad6f-700x394.jpg 700w, https:\/\/sciensync.ca\/wp-content\/uploads\/2025\/09\/ac912e55-2875-4549-9308-d0e41a15ad6f-130x73.jpg 130w\" sizes=\"(max-width: 896px) 100vw, 896px\" \/>\t\t\t\t\t\t\t\t\t\t\t\t\t\t\t<\/div>\n\t\t\t\t<\/div>\n\t\t\t\t\t<\/div>\n\t\t\t\t<\/div>\n\t\t<div class=\"elementor-element elementor-element-984fb1c e-flex e-con-boxed ecomus-responsive-column ecomus-tablet-column--default ecomus-responsive-column ecomus-mobile-column--default e-con e-parent\" data-id=\"984fb1c\" data-element_type=\"container\">\n\t\t\t\t\t<div class=\"e-con-inner\">\n\t\t<div class=\"elementor-element elementor-element-3df2644 e-con-full e-flex ecomus-responsive-column ecomus-tablet-column--default ecomus-responsive-column ecomus-mobile-column--default e-con e-child\" data-id=\"3df2644\" data-element_type=\"container\">\n\t\t\t\t<div class=\"elementor-element elementor-element-6e56c95 elementor-widget elementor-widget-image\" data-id=\"6e56c95\" data-element_type=\"widget\" data-widget_type=\"image.default\">\n\t\t\t\t\t\t\t\t\t\t\t\t\t\t\t<img decoding=\"async\" width=\"896\" height=\"504\" src=\"https:\/\/sciensync.ca\/wp-content\/uploads\/2025\/09\/42222a61-cb60-4f07-a45f-bc40aa990f27.jpg\" class=\"attachment-large size-large wp-image-6689\" alt=\"\" srcset=\"https:\/\/sciensync.ca\/wp-content\/uploads\/2025\/09\/42222a61-cb60-4f07-a45f-bc40aa990f27.jpg 896w, https:\/\/sciensync.ca\/wp-content\/uploads\/2025\/09\/42222a61-cb60-4f07-a45f-bc40aa990f27-300x169.jpg 300w, https:\/\/sciensync.ca\/wp-content\/uploads\/2025\/09\/42222a61-cb60-4f07-a45f-bc40aa990f27-768x432.jpg 768w, https:\/\/sciensync.ca\/wp-content\/uploads\/2025\/09\/42222a61-cb60-4f07-a45f-bc40aa990f27-18x10.jpg 18w, https:\/\/sciensync.ca\/wp-content\/uploads\/2025\/09\/42222a61-cb60-4f07-a45f-bc40aa990f27-700x394.jpg 700w, https:\/\/sciensync.ca\/wp-content\/uploads\/2025\/09\/42222a61-cb60-4f07-a45f-bc40aa990f27-130x73.jpg 130w\" sizes=\"(max-width: 896px) 100vw, 896px\" \/>\t\t\t\t\t\t\t\t\t\t\t\t\t\t\t<\/div>\n\t\t\t\t<\/div>\n\t\t<div class=\"elementor-element elementor-element-dc2d18c e-con-full e-flex ecomus-responsive-column ecomus-tablet-column--default ecomus-responsive-column ecomus-mobile-column--default e-con e-child\" data-id=\"dc2d18c\" data-element_type=\"container\">\n\t\t<div class=\"elementor-element elementor-element-1e8d630 e-flex e-con-boxed ecomus-responsive-column ecomus-tablet-column--default ecomus-responsive-column ecomus-mobile-column--default e-con e-child\" data-id=\"1e8d630\" data-element_type=\"container\">\n\t\t\t\t\t<div class=\"e-con-inner\">\n\t\t\t\t<div class=\"elementor-element elementor-element-9629465 elementor-widget-mobile__width-inherit elementor-widget elementor-widget-ecomus-heading\" data-id=\"9629465\" data-element_type=\"widget\" data-widget_type=\"ecomus-heading.default\">\n\t\t\t\t<div class=\"elementor-widget-container\">\n\t\t\t\t\t\t\t<div class=\"ecomus-heading-elementor\">\n\t\t\t\t<h4 class=\"ecomus-heading em-flex em-flex-align-center ecomus-heading--default\">\n\t\t\t\t\t\t\t\t\t\tNotre Objectif\t\t\t\t<\/h4>\n\t\t\t<\/div>\n\t\t\t\t\t\t<\/div>\n\t\t\t\t<\/div>\n\t\t\t\t<div class=\"elementor-element elementor-element-ffe820a elementor-widget elementor-widget-text-editor\" data-id=\"ffe820a\" data-element_type=\"widget\" data-widget_type=\"text-editor.default\">\n\t\t\t\t\t\t\t\t\t<p>Investir dans la R&amp;D, b\u00e9n\u00e9ficier des technologies de Pointe et de haute qualit\u00e9 fabricant de plantes pour obtenir des produits innovants dans esth\u00e9tique des secteurs.<\/p>\t\t\t\t\t\t\t\t<\/div>\n\t\t\t\t\t<\/div>\n\t\t\t\t<\/div>\n\t\t\t\t<\/div>\n\t\t\t\t\t<\/div>\n\t\t\t\t<\/div>\n\t\t<div class=\"elementor-element elementor-element-179cc18 e-flex e-con-boxed ecomus-responsive-column ecomus-tablet-column--default ecomus-responsive-column ecomus-mobile-column--default e-con e-parent\" data-id=\"179cc18\" data-element_type=\"container\">\n\t\t\t\t\t<div class=\"e-con-inner\">\n\t\t<div class=\"elementor-element elementor-element-2ac3aa0 e-con-full e-flex ecomus-responsive-column ecomus-tablet-column--default ecomus-responsive-column ecomus-mobile-column--default e-con e-child\" data-id=\"2ac3aa0\" data-element_type=\"container\" data-settings=\"{&quot;background_background&quot;:&quot;classic&quot;}\">\n\t\t\t\t<div class=\"elementor-element elementor-element-4161467 elementor-widget elementor-widget-image\" data-id=\"4161467\" data-element_type=\"widget\" data-widget_type=\"image.default\">\n\t\t\t\t\t\t\t\t\t\t\t\t\t\t\t<img loading=\"lazy\" decoding=\"async\" width=\"1024\" height=\"534\" src=\"https:\/\/sciensync.ca\/wp-content\/uploads\/2025\/09\/zxzxzx-1024x534-1.jpg\" class=\"attachment-large size-large wp-image-6682\" alt=\"\" srcset=\"https:\/\/sciensync.ca\/wp-content\/uploads\/2025\/09\/zxzxzx-1024x534-1.jpg 1024w, https:\/\/sciensync.ca\/wp-content\/uploads\/2025\/09\/zxzxzx-1024x534-1-300x156.jpg 300w, https:\/\/sciensync.ca\/wp-content\/uploads\/2025\/09\/zxzxzx-1024x534-1-768x401.jpg 768w, https:\/\/sciensync.ca\/wp-content\/uploads\/2025\/09\/zxzxzx-1024x534-1-18x9.jpg 18w, https:\/\/sciensync.ca\/wp-content\/uploads\/2025\/09\/zxzxzx-1024x534-1-700x365.jpg 700w, https:\/\/sciensync.ca\/wp-content\/uploads\/2025\/09\/zxzxzx-1024x534-1-130x68.jpg 130w\" sizes=\"(max-width: 1024px) 100vw, 1024px\" \/>\t\t\t\t\t\t\t\t\t\t\t\t\t\t\t<\/div>\n\t\t\t\t<div class=\"elementor-element elementor-element-2a23fe5 elementor-widget elementor-widget-ecomus-heading\" data-id=\"2a23fe5\" data-element_type=\"widget\" data-widget_type=\"ecomus-heading.default\">\n\t\t\t\t<div class=\"elementor-widget-container\">\n\t\t\t\t\t\t\t<div class=\"ecomus-heading-elementor\">\n\t\t\t\t<h4 class=\"ecomus-heading em-flex em-flex-align-center ecomus-heading--default\">\n\t\t\t\t\t\t\t\t\t\t<h4 style=\"margin:0;text-align:center\">Combler Les Innovations<\/h4>\t\t\t\t<\/h4>\n\t\t\t<\/div>\n\t\t\t\t\t\t<\/div>\n\t\t\t\t<\/div>\n\t\t\t\t<div class=\"elementor-element elementor-element-3a02864 elementor-widget__width-initial elementor-widget elementor-widget-text-editor\" data-id=\"3a02864\" data-element_type=\"widget\" data-widget_type=\"text-editor.default\">\n\t\t\t\t\t\t\t\t\tAvec une m\u00e9lodie de partenariats qui s&#8217;\u00e9tendent locales et les fronti\u00e8res internationales, nous regarderons les besoins des diverses communaut\u00e9s, en fournissant des solutions de soins de sant\u00e9 qui font \u00e9cho \u00e0 travers le monde.\t\t\t\t\t\t\t\t<\/div>\n\t\t\t\t<\/div>\n\t\t\t\t\t<\/div>\n\t\t\t\t<\/div>\n\t\t<div class=\"elementor-element elementor-element-5eee6379 e-flex e-con-boxed ecomus-responsive-column ecomus-tablet-column--default ecomus-responsive-column ecomus-mobile-column--default e-con e-parent\" data-id=\"5eee6379\" data-element_type=\"container\" data-settings=\"{&quot;background_background&quot;:&quot;classic&quot;}\">\n\t\t\t\t\t<div class=\"e-con-inner\">\n\t\t<div class=\"elementor-element elementor-element-26cd0800 e-flex e-con-boxed ecomus-responsive-column ecomus-tablet-column--default ecomus-responsive-column ecomus-mobile-column--default e-con e-child\" data-id=\"26cd0800\" data-element_type=\"container\" data-settings=\"{&quot;background_background&quot;:&quot;classic&quot;}\">\n\t\t\t\t\t<div class=\"e-con-inner\">\n\t\t\t\t<div class=\"elementor-element elementor-element-50261f3c elementor-widget elementor-widget-ecomus-heading\" data-id=\"50261f3c\" data-element_type=\"widget\" data-widget_type=\"ecomus-heading.default\">\n\t\t\t\t<div class=\"elementor-widget-container\">\n\t\t\t\t\t\t\t<div class=\"ecomus-heading-elementor\">\n\t\t\t\t<h4 class=\"ecomus-heading em-flex em-flex-align-center ecomus-heading--default\">\n\t\t\t\t\t\t\t\t\t\tPour \u00e9clairer Le Chemin de la Qualit\u00e9\t\t\t\t<\/h4>\n\t\t\t<\/div>\n\t\t\t\t\t\t<\/div>\n\t\t\t\t<\/div>\n\t\t<div class=\"elementor-element elementor-element-16c7bd34 e-flex e-con-boxed ecomus-responsive-column ecomus-tablet-column--default ecomus-responsive-column ecomus-mobile-column--default e-con e-child\" data-id=\"16c7bd34\" data-element_type=\"container\">\n\t\t\t\t\t<div class=\"e-con-inner\">\n\t\t\t\t<div class=\"elementor-element elementor-element-52ec9ee4 elementor-widget elementor-widget-text-editor\" data-id=\"52ec9ee4\" data-element_type=\"widget\" data-widget_type=\"text-editor.default\">\n\t\t\t\t\t\t\t\t\tScienSync est d\u00e9finie pour \u00e9tablir sa marque unique sur le secteur de la sant\u00e9 par l&#8217;artisanat et de la distribution de haute qualit\u00e9, fiables, innovants marques avec la durabilit\u00e9, la pose de nouveaux jalons dans la technologie des soins de sant\u00e9 qui r\u00e9sonnent avec les besoins des clients et de d\u00e9passer leurs normes.\t\t\t\t\t\t\t\t<\/div>\n\t\t\t\t\t<\/div>\n\t\t\t\t<\/div>\n\t\t\t\t\t<\/div>\n\t\t\t\t<\/div>\n\t\t\t\t\t<\/div>\n\t\t\t\t<\/div>\n\t\t<div class=\"elementor-element elementor-element-7f742079 e-flex e-con-boxed ecomus-responsive-column ecomus-tablet-column--default ecomus-responsive-column ecomus-mobile-column--default e-con e-parent\" data-id=\"7f742079\" data-element_type=\"container\">\n\t\t\t\t\t<div class=\"e-con-inner\">\n\t\t\t\t<div class=\"elementor-element elementor-element-40fc248 elementor-widget-divider--view-line elementor-widget elementor-widget-divider\" data-id=\"40fc248\" data-element_type=\"widget\" data-widget_type=\"divider.default\">\n\t\t\t\t\t\t\t<div class=\"elementor-divider\">\n\t\t\t<span class=\"elementor-divider-separator\">\n\t\t\t\t\t\t<\/span>\n\t\t<\/div>\n\t\t\t\t\t\t<\/div>\n\t\t\t\t\t<\/div>\n\t\t\t\t<\/div>\n\t\t<div class=\"elementor-element elementor-element-e7fce9f e-flex e-con-boxed ecomus-responsive-column ecomus-tablet-column--default ecomus-responsive-column ecomus-mobile-column--default e-con e-parent\" data-id=\"e7fce9f\" data-element_type=\"container\">\n\t\t\t\t\t<div class=\"e-con-inner\">\n\t\t\t\t\t<\/div>\n\t\t\t\t<\/div>\n\t\t\t\t<\/div>","protected":false},"excerpt":{"rendered":"<p>\u00c0 Propos De Nous Sur ScienSync International Inc \u00c9tabli &#8211; 2019 ScienSync Inc. fournit une gamme de solutions esth\u00e9tiques. Gr\u00e2ce \u00e0 notre vaste partenariat des \u00e9tablissements de soins de sant\u00e9, nous livrons des prix abordables, efficaces, personnalis\u00e9s et des produits innovateurs \u00e0 travers diff\u00e9rentes sp\u00e9cialit\u00e9s. Nous prenons la fiert\u00e9 dans la conception et le maintien [&hellip;]<\/p>","protected":false},"author":1,"featured_media":0,"parent":0,"menu_order":0,"comment_status":"closed","ping_status":"closed","template":"","meta":{"footnotes":""},"class_list":["post-6834","page","type-page","status-publish","hentry"],"_links":{"self":[{"href":"https:\/\/sciensync.ca\/fr\/wp-json\/wp\/v2\/pages\/6834","targetHints":{"allow":["GET"]}}],"collection":[{"href":"https:\/\/sciensync.ca\/fr\/wp-json\/wp\/v2\/pages"}],"about":[{"href":"https:\/\/sciensync.ca\/fr\/wp-json\/wp\/v2\/types\/page"}],"author":[{"embeddable":true,"href":"https:\/\/sciensync.ca\/fr\/wp-json\/wp\/v2\/users\/1"}],"replies":[{"embeddable":true,"href":"https:\/\/sciensync.ca\/fr\/wp-json\/wp\/v2\/comments?post=6834"}],"version-history":[{"count":5,"href":"https:\/\/sciensync.ca\/fr\/wp-json\/wp\/v2\/pages\/6834\/revisions"}],"predecessor-version":[{"id":6839,"href":"https:\/\/sciensync.ca\/fr\/wp-json\/wp\/v2\/pages\/6834\/revisions\/6839"}],"wp:attachment":[{"href":"https:\/\/sciensync.ca\/fr\/wp-json\/wp\/v2\/media?parent=6834"}],"curies":[{"name":"wp","href":"https:\/\/api.w.org\/{rel}","templated":true}]}}