{"id":6225,"date":"2024-10-24T02:11:15","date_gmt":"2024-10-24T02:11:15","guid":{"rendered":"https:\/\/wpecomus.com\/skincare\/?page_id=6225"},"modified":"2025-10-29T12:12:39","modified_gmt":"2025-10-29T12:12:39","slug":"home-skincare","status":"publish","type":"page","link":"https:\/\/sciensync.ca\/fr\/","title":{"rendered":"Home Skincare"},"content":{"rendered":"<div data-elementor-type=\"wp-page\" data-elementor-id=\"6225\" class=\"elementor elementor-6225\" data-elementor-post-type=\"page\">\n\t\t\t\t<div class=\"elementor-element elementor-element-8d76a05 e-con-full e-flex ecomus-responsive-column ecomus-tablet-column--default ecomus-responsive-column ecomus-mobile-column--default e-con e-parent\" data-id=\"8d76a05\" data-element_type=\"container\">\n\t\t\t\t<div class=\"elementor-element elementor-element-ed096e4 navigation-class-dots ecomus-slides__dots-position-right navigation-class--tabletdots elementor-widget elementor-widget-ecomus-slides\" data-id=\"ed096e4\" data-element_type=\"widget\" data-settings=\"{&quot;effect&quot;:&quot;slide&quot;,&quot;slides_to_show&quot;:1,&quot;slides_to_scroll&quot;:1,&quot;navigation&quot;:&quot;both&quot;,&quot;speed&quot;:800}\" data-widget_type=\"ecomus-slides.default\">\n\t\t\t\t<div class=\"elementor-widget-container\">\n\t\t\t\t\t\t\t<div class=\"ecomus-slides-elementor ecomus-carousel--elementor swiper\" stytle=\"\">\n\t\t\t<div class=\"ecomus-slides-elementor__inner swiper-wrapper\">\n\t\t\t\t\t\t\t\t<div class=\"elementor-repeater-item-649974b ecomus-slides-elementor__item swiper-slide\">\n\t\t\t\t\t\t<div class=\"ecomus-slide em-container em-flex\">\n\t\t\t\t\t\t\t\t\t\t\t\t\t\t<div class=\"ecomus-slide__content\">\n\t\t\t\t\t\t\t\t\n\t\t\t\t\t\t\t\t\t\t\t\t\t\t\t\t\t<h1 class=\"ecomus-slide__title\">ScienSync<\/h1>\n\t\t\t\t\t\t\t\t\n\t\t\t\t\t\t\t\t\t\t\t\t\t\t\t\t\t<div class=\"ecomus-slide__description\">Embrassez la r\u00e9volution<\/div>\n\t\t\t\t\t\t\t\t\n\t\t\t\t\t\t\t\t\n\t\t\t\t\t\t\t\t\t\t\t\t\t\t\t<\/div>\n\t\t\t\t\t\t<\/div>\n\t\t\t\t\t<\/div>\n\t\t\t\t\t\t\t\t\t<div class=\"elementor-repeater-item-47ac216 ecomus-slides-elementor__item swiper-slide\">\n\t\t\t\t\t\t<div class=\"ecomus-slide em-container em-flex\">\n\t\t\t\t\t\t\t\t\t\t\t\t\t\t<div class=\"ecomus-slide__content\">\n\t\t\t\t\t\t\t\t\n\t\t\t\t\t\t\t\t\t\t\t\t\t\t\t\t\t<h1 class=\"ecomus-slide__title\">D\u00e9couvrir Neuvage<\/h1>\n\t\t\t\t\t\t\t\t\n\t\t\t\t\t\t\t\t\t\t\t\t\t\t\t\t\t<div class=\"ecomus-slide__description\">Savourez le luxe d\u2019une peau parfaite<\/div>\n\t\t\t\t\t\t\t\t\n\t\t\t\t\t\t\t\t\n\t\t\t\t\t\t\t\t\t\t\t\t\t\t\t<\/div>\n\t\t\t\t\t\t<\/div>\n\t\t\t\t\t<\/div>\n\t\t\t\t\t\t\t\t\t<div class=\"elementor-repeater-item-6c69269 ecomus-slides-elementor__item swiper-slide\">\n\t\t\t\t\t\t<div class=\"ecomus-slide em-container em-flex\">\n\t\t\t\t\t\t\t\t\t\t\t\t\t\t<div class=\"ecomus-slide__content\">\n\t\t\t\t\t\t\t\t\n\t\t\t\t\t\t\t\t\t\t\t\t\t\t\t\t\t<h1 class=\"ecomus-slide__title\">Revitalisez votre peau d\u00e8s aujourd\u2019hui<\/h1>\n\t\t\t\t\t\t\t\t\n\t\t\t\t\t\t\t\t\t\t\t\t\t\t\t\t\t<div class=\"ecomus-slide__description\">Vivez la magie du soin personnel avec notre gamme de soins de peau premium<\/div>\n\t\t\t\t\t\t\t\t\n\t\t\t\t\t\t\t\t\n\t\t\t\t\t\t\t\t\t\t\t\t\t\t\t<\/div>\n\t\t\t\t\t\t<\/div>\n\t\t\t\t\t<\/div>\n\t\t\t\t\t\t\t<\/div>\n\t\t\t<div class=\"swiper-arrows\">\n\t\t\t\t<span class=\"ecomus-svg-icon ecomus-svg-icon--left-mini elementor-swiper-button-prev swiper-button\" ><svg aria-hidden=\"true\" role=\"img\" focusable=\"false\" width=\"7\" height=\"11\" viewbox=\"0 0 7 11\" fill=\"currentColor\" xmlns=\"http:\/\/www.w3.org\/2000\/svg\"><path d=\"M5.5 11L0 5.5L5.5 0L6.47625 0.97625L1.9525 5.5L6.47625 10.0238L5.5 11Z\" fill=\"currentColor\"\/><\/svg><\/span><span class=\"ecomus-svg-icon ecomus-svg-icon--right-mini elementor-swiper-button-next swiper-button\" ><svg aria-hidden=\"true\" role=\"img\" focusable=\"false\" width=\"7\" height=\"11\" viewbox=\"0 0 7 11\" fill=\"currentColor\" xmlns=\"http:\/\/www.w3.org\/2000\/svg\"><path d=\"M1.5 11L7 5.5L1.5 0L0.52375 0.97625L5.0475 5.5L0.52375 10.0238L1.5 11Z\" fill=\"currentColor\"\/><\/svg><\/span>\t\t\t<\/div>\n\t\t\t<div class=\"swiper-pagination  em-container\"><\/div>\t\t<\/div>\n\t\t\t\t\t<\/div>\n\t\t\t\t<\/div>\n\t\t\t\t<\/div>\n\t\t<div class=\"elementor-element elementor-element-634de423 e-flex e-con-boxed ecomus-responsive-column ecomus-tablet-column--default ecomus-responsive-column ecomus-mobile-column--default e-con e-parent\" data-id=\"634de423\" data-element_type=\"container\">\n\t\t\t\t\t<div class=\"e-con-inner\">\n\t\t\t\t<div class=\"elementor-element elementor-element-6a9721e5 navigation-class--tabletdots navigation-class--mobiledots ecomus-icon-box__icon-alignment--center ecomus-icon-box__icon-position--right e-transform navigation-class-arrows ecomus-icon-box__vertical-align-top elementor-invisible elementor-widget elementor-widget-ecomus-icon-box-carousel\" data-id=\"6a9721e5\" data-element_type=\"widget\" data-settings=\"{&quot;slides_to_show&quot;:4,&quot;slides_to_show_tablet&quot;:2,&quot;slides_to_show_mobile&quot;:1,&quot;slides_to_scroll_tablet&quot;:2,&quot;slides_to_scroll_mobile&quot;:1,&quot;_animation&quot;:&quot;fadeInRight&quot;,&quot;slides_to_scroll&quot;:1,&quot;image_spacing_custom&quot;:30,&quot;navigation&quot;:&quot;both&quot;,&quot;speed&quot;:800,&quot;_transform_rotateZ_effect&quot;:{&quot;unit&quot;:&quot;px&quot;,&quot;size&quot;:&quot;&quot;,&quot;sizes&quot;:[]},&quot;_transform_rotateZ_effect_tablet&quot;:{&quot;unit&quot;:&quot;deg&quot;,&quot;size&quot;:&quot;&quot;,&quot;sizes&quot;:[]},&quot;_transform_rotateZ_effect_mobile&quot;:{&quot;unit&quot;:&quot;deg&quot;,&quot;size&quot;:&quot;&quot;,&quot;sizes&quot;:[]}}\" data-widget_type=\"ecomus-icon-box-carousel.default\">\n\t\t\t\t<div class=\"elementor-widget-container\">\n\t\t\t\t\t<div class=\"ecomus-icon-box-carousel--elementor ecomus-carousel--elementor\"><div class=\"ecomus-icon-box-carousel__container swiper\" style=\"--em-swiper-items-space-mobile: 30px;\"><div class=\"ecomus-icon-box-carousel__wrapper swiper-wrapper mobile-col-1 tablet-col-2 columns-4\"><div class=\"elementor-repeater-item-82d6a6a ecomus-icon-box icon-type-icon swiper-slide\"><div class=\"ecomus-icon-box__icon\"><span class=\"ecomus-svg-icon\"><svg aria-hidden=\"true\" class=\"e-font-icon-svg e-fas-flask\" viewbox=\"0 0 448 512\" xmlns=\"http:\/\/www.w3.org\/2000\/svg\"><path d=\"M437.2 403.5L320 215V64h8c13.3 0 24-10.7 24-24V24c0-13.3-10.7-24-24-24H120c-13.3 0-24 10.7-24 24v16c0 13.3 10.7 24 24 24h8v151L10.8 403.5C-18.5 450.6 15.3 512 70.9 512h306.2c55.7 0 89.4-61.5 60.1-108.5zM137.9 320l48.2-77.6c3.7-5.2 5.8-11.6 5.8-18.4V64h64v160c0 6.9 2.2 13.2 5.8 18.4l48.2 77.6h-172z\"><\/path><\/svg><\/span><\/div><div class=\"ecomus-icon-box__wrapper\">\t\t\t\t\t\t\t\t\t<h5 class=\"ecomus-icon-box__title\">\n\t\t\t\t\t\t\t\t\t\n\t\t\t\t\t\t\t\t\t\tScience\n\t\t\t\t\t\t\t\t\t\t\n\t\t\t\t\t\t\t\t\t\t<\/h5>\n\t\t\t\t\t\t\t\t\t<div class=\"ecomus-icon-box__content\">La science d\u2019aujourd\u2019hui est la technologie de demain.<\/div><\/div><\/div><div class=\"elementor-repeater-item-a15fb08 ecomus-icon-box icon-type-icon swiper-slide\"><div class=\"ecomus-icon-box__icon\"><span class=\"ecomus-svg-icon\"><svg aria-hidden=\"true\" class=\"e-font-icon-svg e-fas-lightbulb\" viewbox=\"0 0 352 512\" xmlns=\"http:\/\/www.w3.org\/2000\/svg\"><path d=\"M96.06 454.35c.01 6.29 1.87 12.45 5.36 17.69l17.09 25.69a31.99 31.99 0 0 0 26.64 14.28h61.71a31.99 31.99 0 0 0 26.64-14.28l17.09-25.69a31.989 31.989 0 0 0 5.36-17.69l.04-38.35H96.01l.05 38.35zM0 176c0 44.37 16.45 84.85 43.56 115.78 16.52 18.85 42.36 58.23 52.21 91.45.04.26.07.52.11.78h160.24c.04-.26.07-.51.11-.78 9.85-33.22 35.69-72.6 52.21-91.45C335.55 260.85 352 220.37 352 176 352 78.61 272.91-.3 175.45 0 73.44.31 0 82.97 0 176zm176-80c-44.11 0-80 35.89-80 80 0 8.84-7.16 16-16 16s-16-7.16-16-16c0-61.76 50.24-112 112-112 8.84 0 16 7.16 16 16s-7.16 16-16 16z\"><\/path><\/svg><\/span><\/div><div class=\"ecomus-icon-box__wrapper\">\t\t\t\t\t\t\t\t\t<h5 class=\"ecomus-icon-box__title\">\n\t\t\t\t\t\t\t\t\t\n\t\t\t\t\t\t\t\t\t\tInnovation\n\t\t\t\t\t\t\t\t\t\t\n\t\t\t\t\t\t\t\t\t\t<\/h5>\n\t\t\t\t\t\t\t\t\t<div class=\"ecomus-icon-box__content\">Investir continuellement en recherche et d\u00e9veloppement <\/div><\/div><\/div><div class=\"elementor-repeater-item-edf6df9 ecomus-icon-box icon-type-icon swiper-slide\"><div class=\"ecomus-icon-box__icon\"><span class=\"ecomus-svg-icon\"><svg aria-hidden=\"true\" class=\"e-font-icon-svg e-fas-users\" viewbox=\"0 0 640 512\" xmlns=\"http:\/\/www.w3.org\/2000\/svg\"><path d=\"M96 224c35.3 0 64-28.7 64-64s-28.7-64-64-64-64 28.7-64 64 28.7 64 64 64zm448 0c35.3 0 64-28.7 64-64s-28.7-64-64-64-64 28.7-64 64 28.7 64 64 64zm32 32h-64c-17.6 0-33.5 7.1-45.1 18.6 40.3 22.1 68.9 62 75.1 109.4h66c17.7 0 32-14.3 32-32v-32c0-35.3-28.7-64-64-64zm-256 0c61.9 0 112-50.1 112-112S381.9 32 320 32 208 82.1 208 144s50.1 112 112 112zm76.8 32h-8.3c-20.8 10-43.9 16-68.5 16s-47.6-6-68.5-16h-8.3C179.6 288 128 339.6 128 403.2V432c0 26.5 21.5 48 48 48h288c26.5 0 48-21.5 48-48v-28.8c0-63.6-51.6-115.2-115.2-115.2zm-223.7-13.4C161.5 263.1 145.6 256 128 256H64c-35.3 0-64 28.7-64 64v32c0 17.7 14.3 32 32 32h65.9c6.3-47.4 34.9-87.3 75.2-109.4z\"><\/path><\/svg><\/span><\/div><div class=\"ecomus-icon-box__wrapper\">\t\t\t\t\t\t\t\t\t<h5 class=\"ecomus-icon-box__title\">\n\t\t\t\t\t\t\t\t\t\n\t\t\t\t\t\t\t\t\t\tPerspective\n\t\t\t\t\t\t\t\t\t\t\n\t\t\t\t\t\t\t\t\t\t<\/h5>\n\t\t\t\t\t\t\t\t\t<div class=\"ecomus-icon-box__content\">La priorit\u00e9 est donn\u00e9e \u00e0 nos patients et consommateurs<\/div><\/div><\/div><div class=\"elementor-repeater-item-1e7f2a4 ecomus-icon-box icon-type-icon swiper-slide\"><div class=\"ecomus-icon-box__icon\"><span class=\"ecomus-svg-icon\"><svg aria-hidden=\"true\" class=\"e-font-icon-svg e-fas-user-graduate\" viewbox=\"0 0 448 512\" xmlns=\"http:\/\/www.w3.org\/2000\/svg\"><path d=\"M319.4 320.6L224 416l-95.4-95.4C57.1 323.7 0 382.2 0 454.4v9.6c0 26.5 21.5 48 48 48h352c26.5 0 48-21.5 48-48v-9.6c0-72.2-57.1-130.7-128.6-133.8zM13.6 79.8l6.4 1.5v58.4c-7 4.2-12 11.5-12 20.3 0 8.4 4.6 15.4 11.1 19.7L3.5 242c-1.7 6.9 2.1 14 7.6 14h41.8c5.5 0 9.3-7.1 7.6-14l-15.6-62.3C51.4 175.4 56 168.4 56 160c0-8.8-5-16.1-12-20.3V87.1l66 15.9c-8.6 17.2-14 36.4-14 57 0 70.7 57.3 128 128 128s128-57.3 128-128c0-20.6-5.3-39.8-14-57l96.3-23.2c18.2-4.4 18.2-27.1 0-31.5l-190.4-46c-13-3.1-26.7-3.1-39.7 0L13.6 48.2c-18.1 4.4-18.1 27.2 0 31.6z\"><\/path><\/svg><\/span><\/div><div class=\"ecomus-icon-box__wrapper\">\t\t\t\t\t\t\t\t\t<h5 class=\"ecomus-icon-box__title\">\n\t\t\t\t\t\t\t\t\t\n\t\t\t\t\t\t\t\t\t\tPersonnes\n\t\t\t\t\t\t\t\t\t\t\n\t\t\t\t\t\t\t\t\t\t<\/h5>\n\t\t\t\t\t\t\t\t\t<div class=\"ecomus-icon-box__content\">Nous misons sur des talents hautement qualifi\u00e9s et comp\u00e9tents<\/div><\/div><\/div><\/div><\/div><span class=\"ecomus-svg-icon ecomus-svg-icon--left-mini elementor-swiper-button-prev swiper-button\" ><svg aria-hidden=\"true\" role=\"img\" focusable=\"false\" width=\"7\" height=\"11\" viewbox=\"0 0 7 11\" fill=\"currentColor\" xmlns=\"http:\/\/www.w3.org\/2000\/svg\"><path d=\"M5.5 11L0 5.5L5.5 0L6.47625 0.97625L1.9525 5.5L6.47625 10.0238L5.5 11Z\" fill=\"currentColor\"\/><\/svg><\/span><span class=\"ecomus-svg-icon ecomus-svg-icon--right-mini elementor-swiper-button-next swiper-button\" ><svg aria-hidden=\"true\" role=\"img\" focusable=\"false\" width=\"7\" height=\"11\" viewbox=\"0 0 7 11\" fill=\"currentColor\" xmlns=\"http:\/\/www.w3.org\/2000\/svg\"><path d=\"M1.5 11L7 5.5L1.5 0L0.52375 0.97625L5.0475 5.5L0.52375 10.0238L1.5 11Z\" fill=\"currentColor\"\/><\/svg><\/span><div class=\"swiper-pagination  swiper-pagination-bullet--small\"><\/div><\/div>\t\t\t\t<\/div>\n\t\t\t\t<\/div>\n\t\t\t\t\t<\/div>\n\t\t\t\t<\/div>\n\t\t<div class=\"elementor-element elementor-element-7a5b56d e-flex e-con-boxed ecomus-responsive-column ecomus-tablet-column--default ecomus-responsive-column ecomus-mobile-column--default e-con e-parent\" data-id=\"7a5b56d\" data-element_type=\"container\">\n\t\t\t\t\t<div class=\"e-con-inner\">\n\t\t\t\t<div class=\"elementor-element elementor-element-9eb4c57 ecomus-stores-tab-reverse--yes elementor-invisible elementor-widget elementor-widget-ecomus-stores-tab\" data-id=\"9eb4c57\" data-element_type=\"widget\" data-settings=\"{&quot;_animation&quot;:&quot;fadeIn&quot;}\" data-widget_type=\"ecomus-stores-tab.default\">\n\t\t\t\t<div class=\"elementor-widget-container\">\n\t\t\t\t\t\t\t<div class=\"ecomus-stores-tab ecomus-tabs--elementor em-relative\" style=\"--em-ratio-percent: 73%;\">\n            <div class=\"ecomus-stores-tab__heading em-flex ecomus-stores-tab__animation--none\">\n                                                            <span class=\"ecomus-tab--elementor text-center\" data-tab=\"0\" data-active=\"true\">Bienvenue chez ScienSync<\/span>\n                                                <\/div>\n\t\t\t                \t\t\t\t<div class=\"ecomus-stores-tab__item ecomus-tab-item--elementor em-flex\" data-tab=\"0\" data-active=\"true\">\n                    <div class=\"ecomus-stores-tab__content em-flex em-flex-center em-flex-column\">\n                        <div class=\"ecomus-stores-tab__title\">ScienSync<\/div>\n                        <div class=\"ecomus-stores-tab__description\"><div class=\"hdt-tabs-content hdt-text-base hdt-font-normal\">est r\u00e9solument d\u00e9di\u00e9 \u00e0 combler le foss\u00e9 entre le bien-\u00eatre humain et l\u2019innovation scientifique de pointe. Nous nous effor\u00e7ons de cr\u00e9er des solutions qui am\u00e9liorent la qualit\u00e9 de vie et atteignent des objectifs esth\u00e9tiques. Nous op\u00e9rons avec une perspective mondiale et sommes engag\u00e9s \u00e0 avoir un impact positif \u00e0 l\u2019\u00e9chelle internationale.<\/div><\/div>\n\t\t\t\t\t\t\t\t\t\t\t<\/div>\n                    <div class=\"ecomus-stores-tab__image em-ratio em-image-rounded\">\n\t\t\t\t\t\t\t\t\t\t\t\t\t<img fetchpriority=\"high\" decoding=\"async\" width=\"960\" height=\"862\" src=\"https:\/\/sciensync.ca\/wp-content\/uploads\/2025\/09\/homev6_slider03.webp\" class=\"attachment-full size-full wp-image-7463\" alt=\"\" srcset=\"https:\/\/sciensync.ca\/wp-content\/uploads\/2025\/09\/homev6_slider03.webp 960w, https:\/\/sciensync.ca\/wp-content\/uploads\/2025\/09\/homev6_slider03-300x269.webp 300w, https:\/\/sciensync.ca\/wp-content\/uploads\/2025\/09\/homev6_slider03-768x690.webp 768w, https:\/\/sciensync.ca\/wp-content\/uploads\/2025\/09\/homev6_slider03-13x12.webp 13w, https:\/\/sciensync.ca\/wp-content\/uploads\/2025\/09\/homev6_slider03-700x629.webp 700w, https:\/\/sciensync.ca\/wp-content\/uploads\/2025\/09\/homev6_slider03-130x117.webp 130w\" sizes=\"(max-width: 960px) 100vw, 960px\" \/>\t\t\t\t\t\t                     <\/div>\n\t\t\t\t<\/div>\n                \t\t\t\t\t<\/div>\n\t\t\t\t\t\t<\/div>\n\t\t\t\t<\/div>\n\t\t\t\t\t<\/div>\n\t\t\t\t<\/div>\n\t\t<div class=\"elementor-element elementor-element-f26e1b7 e-flex e-con-boxed ecomus-responsive-column ecomus-tablet-column--default ecomus-responsive-column ecomus-mobile-column--default elementor-invisible e-con e-parent\" data-id=\"f26e1b7\" data-element_type=\"container\" data-settings=\"{&quot;animation&quot;:&quot;fadeIn&quot;}\">\n\t\t\t\t\t<div class=\"e-con-inner\">\n\t\t<div class=\"elementor-element elementor-element-eb367ef e-con-full e-flex ecomus-responsive-column ecomus-tablet-column--default ecomus-responsive-column ecomus-mobile-column--default e-con e-child\" data-id=\"eb367ef\" data-element_type=\"container\">\n\t\t\t\t<div class=\"elementor-element elementor-element-39a77be elementor-widget elementor-widget-ecomus-heading\" data-id=\"39a77be\" data-element_type=\"widget\" data-widget_type=\"ecomus-heading.default\">\n\t\t\t\t<div class=\"elementor-widget-container\">\n\t\t\t\t\t\t\t<div class=\"ecomus-heading-elementor\">\n\t\t\t\t<h4 class=\"ecomus-heading em-flex em-flex-align-center ecomus-heading--default\">\n\t\t\t\t\t\t\t\t\t\tUne Histoire de Synchronisation\t\t\t\t<\/h4>\n\t\t\t<\/div>\n\t\t\t\t\t\t<\/div>\n\t\t\t\t<\/div>\n\t\t\t\t<div class=\"elementor-element elementor-element-d1b84c6 elementor-widget elementor-widget-ecomus-heading\" data-id=\"d1b84c6\" data-element_type=\"widget\" data-widget_type=\"ecomus-heading.default\">\n\t\t\t\t<div class=\"elementor-widget-container\">\n\t\t\t\t\t\t\t<div class=\"ecomus-heading-elementor\">\n\t\t\t\t<div class=\"ecomus-heading em-flex em-flex-align-center ecomus-heading--default\">\n\t\t\t\t\t\t\t\t\t\tScienSync est n\u00e9e d\u2019une vision m\u00ealant technologie de pointe et approche holistique, offrant des solutions sur mesure traitant une diversit\u00e9 de pr\u00e9occupations par le biais de nos produits.\n<br>\n\nnous concentrons sur les besoins de communaut\u00e9s vari\u00e9es, en offrant des solutions novatrices et fiables. Notre engagement en faveur de la diversit\u00e9 dans tous les aspects de nos op\u00e9rations est sans faille, assurant que les besoins de chacun soient pris en compte.\t\t\t\t<\/div>\n\t\t\t<\/div>\n\t\t\t\t\t\t<\/div>\n\t\t\t\t<\/div>\n\t\t\t\t<\/div>\n\t\t<div class=\"elementor-element elementor-element-8a2d479 e-con-full e-flex ecomus-responsive-column ecomus-tablet-column--default ecomus-responsive-column ecomus-mobile-column--default e-con e-child\" data-id=\"8a2d479\" data-element_type=\"container\">\n\t\t\t\t<div class=\"elementor-element elementor-element-8a24323 elementor-invisible elementor-widget elementor-widget-image\" data-id=\"8a24323\" data-element_type=\"widget\" data-settings=\"{&quot;_animation&quot;:&quot;fadeIn&quot;}\" data-widget_type=\"image.default\">\n\t\t\t\t\t\t\t\t\t\t\t\t\t\t\t<img decoding=\"async\" width=\"1536\" height=\"768\" src=\"https:\/\/sciensync.ca\/wp-content\/uploads\/2025\/09\/Untitled-2-1536x1025-1-e1757856644858.jpg\" class=\"attachment-full size-full wp-image-6652\" alt=\"\" srcset=\"https:\/\/sciensync.ca\/wp-content\/uploads\/2025\/09\/Untitled-2-1536x1025-1-e1757856644858.jpg 1536w, https:\/\/sciensync.ca\/wp-content\/uploads\/2025\/09\/Untitled-2-1536x1025-1-e1757856644858-300x150.jpg 300w, https:\/\/sciensync.ca\/wp-content\/uploads\/2025\/09\/Untitled-2-1536x1025-1-e1757856644858-1024x512.jpg 1024w, https:\/\/sciensync.ca\/wp-content\/uploads\/2025\/09\/Untitled-2-1536x1025-1-e1757856644858-768x384.jpg 768w, https:\/\/sciensync.ca\/wp-content\/uploads\/2025\/09\/Untitled-2-1536x1025-1-e1757856644858-18x9.jpg 18w, https:\/\/sciensync.ca\/wp-content\/uploads\/2025\/09\/Untitled-2-1536x1025-1-e1757856644858-700x350.jpg 700w, https:\/\/sciensync.ca\/wp-content\/uploads\/2025\/09\/Untitled-2-1536x1025-1-e1757856644858-130x65.jpg 130w\" sizes=\"(max-width: 1536px) 100vw, 1536px\" \/>\t\t\t\t\t\t\t\t\t\t\t\t\t\t\t<\/div>\n\t\t\t\t<\/div>\n\t\t\t\t\t<\/div>\n\t\t\t\t<\/div>\n\t\t<div class=\"elementor-element elementor-element-a9e1404 e-flex e-con-boxed ecomus-responsive-column ecomus-tablet-column--default ecomus-responsive-column ecomus-mobile-column--default elementor-invisible e-con e-parent\" data-id=\"a9e1404\" data-element_type=\"container\" data-settings=\"{&quot;animation&quot;:&quot;fadeIn&quot;}\">\n\t\t\t\t\t<div class=\"e-con-inner\">\n\t\t<div class=\"elementor-element elementor-element-23329e6 e-con-full e-flex ecomus-responsive-column ecomus-tablet-column--default ecomus-responsive-column ecomus-mobile-column--default e-con e-child\" data-id=\"23329e6\" data-element_type=\"container\">\n\t\t\t\t<div class=\"elementor-element elementor-element-decf199 elementor-widget elementor-widget-ecomus-heading\" data-id=\"decf199\" data-element_type=\"widget\" data-widget_type=\"ecomus-heading.default\">\n\t\t\t\t<div class=\"elementor-widget-container\">\n\t\t\t\t\t\t\t<div class=\"ecomus-heading-elementor\">\n\t\t\t\t<h4 class=\"ecomus-heading em-flex em-flex-align-center ecomus-heading--default\">\n\t\t\t\t\t\t\t\t\t\tNotre vision a toujours \u00e9t\u00e9 clair.\t\t\t\t<\/h4>\n\t\t\t<\/div>\n\t\t\t\t\t\t<\/div>\n\t\t\t\t<\/div>\n\t\t\t\t<div class=\"elementor-element elementor-element-c701a4d elementor-widget elementor-widget-ecomus-heading\" data-id=\"c701a4d\" data-element_type=\"widget\" data-widget_type=\"ecomus-heading.default\">\n\t\t\t\t<div class=\"elementor-widget-container\">\n\t\t\t\t\t\t\t<div class=\"ecomus-heading-elementor\">\n\t\t\t\t<div class=\"ecomus-heading em-flex em-flex-align-center ecomus-heading--default\">\n\t\t\t\t\t\t\t\t\t\tSynchroniser le meilleur de la science avec le c\u0153ur des communaut\u00e9s en bonne sant\u00e9 \u00e0 l\u2019\u00e9chelle mondiale.\t\t\t\t<\/div>\n\t\t\t<\/div>\n\t\t\t\t\t\t<\/div>\n\t\t\t\t<\/div>\n\t\t\t\t<\/div>\n\t\t<div class=\"elementor-element elementor-element-8a60b9f e-con-full e-flex ecomus-responsive-column ecomus-tablet-column--default ecomus-responsive-column ecomus-mobile-column--default e-con e-child\" data-id=\"8a60b9f\" data-element_type=\"container\">\n\t\t\t\t<div class=\"elementor-element elementor-element-3469648 elementor-widget elementor-widget-image\" data-id=\"3469648\" data-element_type=\"widget\" data-widget_type=\"image.default\">\n\t\t\t\t\t\t\t\t\t\t\t\t\t\t\t<img decoding=\"async\" width=\"2560\" height=\"1440\" src=\"https:\/\/sciensync.ca\/wp-content\/uploads\/2025\/09\/homev5_slider01-scaled-1.webp\" class=\"attachment-full size-full wp-image-7218\" alt=\"\" srcset=\"https:\/\/sciensync.ca\/wp-content\/uploads\/2025\/09\/homev5_slider01-scaled-1.webp 2560w, https:\/\/sciensync.ca\/wp-content\/uploads\/2025\/09\/homev5_slider01-scaled-1-300x169.webp 300w, https:\/\/sciensync.ca\/wp-content\/uploads\/2025\/09\/homev5_slider01-scaled-1-1024x576.webp 1024w, https:\/\/sciensync.ca\/wp-content\/uploads\/2025\/09\/homev5_slider01-scaled-1-768x432.webp 768w, https:\/\/sciensync.ca\/wp-content\/uploads\/2025\/09\/homev5_slider01-scaled-1-1536x864.webp 1536w, https:\/\/sciensync.ca\/wp-content\/uploads\/2025\/09\/homev5_slider01-scaled-1-2048x1152.webp 2048w, https:\/\/sciensync.ca\/wp-content\/uploads\/2025\/09\/homev5_slider01-scaled-1-18x10.webp 18w, https:\/\/sciensync.ca\/wp-content\/uploads\/2025\/09\/homev5_slider01-scaled-1-700x394.webp 700w, https:\/\/sciensync.ca\/wp-content\/uploads\/2025\/09\/homev5_slider01-scaled-1-130x73.webp 130w\" sizes=\"(max-width: 2560px) 100vw, 2560px\" \/>\t\t\t\t\t\t\t\t\t\t\t\t\t\t\t<\/div>\n\t\t\t\t<\/div>\n\t\t\t\t\t<\/div>\n\t\t\t\t<\/div>\n\t\t<div class=\"elementor-element elementor-element-868f777 e-flex e-con-boxed ecomus-responsive-column ecomus-tablet-column--default ecomus-responsive-column ecomus-mobile-column--default e-con e-parent\" data-id=\"868f777\" data-element_type=\"container\" data-settings=\"{&quot;background_background&quot;:&quot;classic&quot;,&quot;background_motion_fx_motion_fx_mouse&quot;:&quot;yes&quot;,&quot;background_motion_fx_mouseTrack_effect&quot;:&quot;yes&quot;,&quot;background_motion_fx_mouseTrack_speed&quot;:{&quot;unit&quot;:&quot;px&quot;,&quot;size&quot;:0.4,&quot;sizes&quot;:[]}}\">\n\t\t\t\t\t<div class=\"e-con-inner\">\n\t\t\t\t<div class=\"elementor-element elementor-element-d8496ed elementor-widget elementor-widget-ecomus-heading\" data-id=\"d8496ed\" data-element_type=\"widget\" data-widget_type=\"ecomus-heading.default\">\n\t\t\t\t<div class=\"elementor-widget-container\">\n\t\t\t\t\t\t\t<div class=\"ecomus-heading-elementor\">\n\t\t\t\t<h2 class=\"ecomus-heading em-flex em-flex-align-center ecomus-heading--default\">\n\t\t\t\t\t\t\t\t\t\tEmbrassez Notre R\u00e9volution\t\t\t\t<\/h2>\n\t\t\t<\/div>\n\t\t\t\t\t\t<\/div>\n\t\t\t\t<\/div>\n\t\t\t\t<div class=\"elementor-element elementor-element-11800e2 elementor-widget elementor-widget-text-editor\" data-id=\"11800e2\" data-element_type=\"widget\" data-widget_type=\"text-editor.default\">\n\t\t\t\t\t\t\t\t\t<p>Nous sommes ScienSync, les harmoniseurs du bien-\u00eatre, alignant le pouls de l\u2019humanit\u00e9 aux avanc\u00e9es scientifiques.<\/p>\t\t\t\t\t\t\t\t<\/div>\n\t\t\t\t<div class=\"elementor-element elementor-element-f2af9f9 elementor-mobile-align-center elementor-widget elementor-widget-ecomus-button\" data-id=\"f2af9f9\" data-element_type=\"widget\" data-widget_type=\"ecomus-button.default\">\n\t\t\t\t<div class=\"elementor-widget-container\">\n\t\t\t\t\t\t\t<a href=\"https:\/\/sciensync.ca\/neuvage\/\" class=\"ecomus-button-link ecomus-button em-button em-button-light em-button-icon-hover\">\r\n\t\t\t<span class=\"ecomus-button-text\">Rejoignez-nous dans notre qu\u00eate.<\/span>\t\t\t\t\t\t\t\t\t\t\t\t<span class=\"ecomus-svg-icon ecomus-svg-icon--arrow-top ecomus-align-icon-right\" ><svg aria-hidden=\"true\" role=\"img\" focusable=\"false\" xmlns=\"http:\/\/www.w3.org\/2000\/svg\" width=\"8\" height=\"8\" viewbox=\"0 0 8 8\" fill=\"currentColor\" class=\"hdt-inline-block hdt-icon hdt-icon-2\"><path d=\"M0.861539 8L0 7.13846L5.90769 1.23077H0.615385V0H8V7.38462H6.76923V2.09231L0.861539 8Z\" fill=\"currentColor\"><\/path><\/svg><\/span>\t\t\t\t\t\t\t\t\t\t\t\t<\/a>\r\n\t\t\t\t\t\t<\/div>\n\t\t\t\t<\/div>\n\t\t\t\t\t<\/div>\n\t\t\t\t<\/div>\n\t\t\t\t<\/div>","protected":false},"excerpt":{"rendered":"<p>ScienSync Embrace the revolution Discover Neuvage Indulge in the luxury of flawless skin Professional Skincare, Scientifically Advanced Neuvage \u2014 precision formulations crafted for dermatologists and aesthetic experts to restore, repair, and renew skin health. Science The science of today is the technology of tomorrow. Innovation Continuously invest in research and development Perspective The primary focus [&hellip;]<\/p>","protected":false},"author":1,"featured_media":0,"parent":0,"menu_order":0,"comment_status":"closed","ping_status":"closed","template":"","meta":{"footnotes":""},"class_list":["post-6225","page","type-page","status-publish","hentry"],"_links":{"self":[{"href":"https:\/\/sciensync.ca\/fr\/wp-json\/wp\/v2\/pages\/6225","targetHints":{"allow":["GET"]}}],"collection":[{"href":"https:\/\/sciensync.ca\/fr\/wp-json\/wp\/v2\/pages"}],"about":[{"href":"https:\/\/sciensync.ca\/fr\/wp-json\/wp\/v2\/types\/page"}],"author":[{"embeddable":true,"href":"https:\/\/sciensync.ca\/fr\/wp-json\/wp\/v2\/users\/1"}],"replies":[{"embeddable":true,"href":"https:\/\/sciensync.ca\/fr\/wp-json\/wp\/v2\/comments?post=6225"}],"version-history":[{"count":303,"href":"https:\/\/sciensync.ca\/fr\/wp-json\/wp\/v2\/pages\/6225\/revisions"}],"predecessor-version":[{"id":9790,"href":"https:\/\/sciensync.ca\/fr\/wp-json\/wp\/v2\/pages\/6225\/revisions\/9790"}],"wp:attachment":[{"href":"https:\/\/sciensync.ca\/fr\/wp-json\/wp\/v2\/media?parent=6225"}],"curies":[{"name":"wp","href":"https:\/\/api.w.org\/{rel}","templated":true}]}}