{"id":208,"date":"2024-06-10T08:18:19","date_gmt":"2024-06-10T08:18:19","guid":{"rendered":"https:\/\/raw.githubusercontent.com\/drfuri\/demo-content\/main\/ecomus\/home-skincare\/images\/?page_id=208"},"modified":"2025-10-19T06:47:15","modified_gmt":"2025-10-19T06:47:15","slug":"about-us","status":"publish","type":"page","link":"https:\/\/sciensync.ca\/fr\/about-us\/","title":{"rendered":"\u00c0 propos"},"content":{"rendered":"<div data-elementor-type=\"wp-page\" data-elementor-id=\"208\" class=\"elementor elementor-208\" data-elementor-post-type=\"page\">\n\t\t\t\t<div class=\"elementor-element elementor-element-b57a9b8 e-con-full e-flex ecomus-responsive-column ecomus-tablet-column--default ecomus-responsive-column ecomus-mobile-column--default e-con e-parent\" data-id=\"b57a9b8\" data-element_type=\"container\">\n\t\t\t\t<div class=\"elementor-element elementor-element-138e96c navigation-class-dots navigation-class--tabletdots navigation-class--mobiledots ecomus-slides__dots-position-bottom elementor-widget elementor-widget-ecomus-slides\" data-id=\"138e96c\" data-element_type=\"widget\" data-settings=\"{&quot;autoplay&quot;:&quot;yes&quot;,&quot;effect&quot;:&quot;slide&quot;,&quot;slides_to_show&quot;:1,&quot;slides_to_scroll&quot;:1,&quot;navigation&quot;:&quot;both&quot;,&quot;autoplay_speed&quot;:3000,&quot;pause_on_hover&quot;:&quot;yes&quot;,&quot;speed&quot;:800}\" data-widget_type=\"ecomus-slides.default\">\n\t\t\t\t<div class=\"elementor-widget-container\">\n\t\t\t\t\t\t\t<div class=\"ecomus-slides-elementor ecomus-carousel--elementor swiper\" stytle=\"\">\n\t\t\t<div class=\"ecomus-slides-elementor__inner swiper-wrapper\">\n\t\t\t\t\t\t\t\t<div class=\"elementor-repeater-item-2098c7e ecomus-slides-elementor__item swiper-slide swiper-slide-active\">\n\t\t\t\t\t\t<div class=\"ecomus-slide em-container em-flex\">\n\t\t\t\t\t\t\t\t\t\t\t\t\t\t<div class=\"ecomus-slide__content\">\n\t\t\t\t\t\t\t\t\n\t\t\t\t\t\t\t\t\t\t\t\t\t\t\t\t\t<h2 class=\"ecomus-slide__title\">\u00c0 propos<\/h2>\n\t\t\t\t\t\t\t\t\n\t\t\t\t\t\t\t\t\n\t\t\t\t\t\t\t\t\n\t\t\t\t\t\t\t\t\t\t\t\t\t\t\t<\/div>\n\t\t\t\t\t\t<\/div>\n\t\t\t\t\t<\/div>\n\t\t\t\t\t\t\t<\/div>\n\t\t\t<div class=\"swiper-arrows\">\n\t\t\t\t<span class=\"ecomus-svg-icon ecomus-svg-icon--left-mini elementor-swiper-button-prev swiper-button\" ><svg aria-hidden=\"true\" role=\"img\" focusable=\"false\" width=\"7\" height=\"11\" viewbox=\"0 0 7 11\" fill=\"currentColor\" xmlns=\"http:\/\/www.w3.org\/2000\/svg\"><path d=\"M5.5 11L0 5.5L5.5 0L6.47625 0.97625L1.9525 5.5L6.47625 10.0238L5.5 11Z\" fill=\"currentColor\"\/><\/svg><\/span><span class=\"ecomus-svg-icon ecomus-svg-icon--right-mini elementor-swiper-button-next swiper-button\" ><svg aria-hidden=\"true\" role=\"img\" focusable=\"false\" width=\"7\" height=\"11\" viewbox=\"0 0 7 11\" fill=\"currentColor\" xmlns=\"http:\/\/www.w3.org\/2000\/svg\"><path d=\"M1.5 11L7 5.5L1.5 0L0.52375 0.97625L5.0475 5.5L0.52375 10.0238L1.5 11Z\" fill=\"currentColor\"\/><\/svg><\/span>\t\t\t<\/div>\n\t\t\t<div class=\"swiper-pagination  em-container swiper-pagination-bullet--background\"><\/div>\t\t<\/div>\n\t\t\t\t\t<\/div>\n\t\t\t\t<\/div>\n\t\t\t\t<\/div>\n\t\t<div class=\"elementor-element elementor-element-29e445e e-flex e-con-boxed ecomus-responsive-column ecomus-tablet-column--default ecomus-responsive-column ecomus-mobile-column--default e-con e-parent\" data-id=\"29e445e\" data-element_type=\"container\">\n\t\t\t\t\t<div class=\"e-con-inner\">\n\t\t\t\t<div class=\"elementor-element elementor-element-04c0d18 elementor-widget elementor-widget-ecomus-heading\" data-id=\"04c0d18\" data-element_type=\"widget\" data-widget_type=\"ecomus-heading.default\">\n\t\t\t\t<div class=\"elementor-widget-container\">\n\t\t\t\t\t\t\t<div class=\"ecomus-heading-elementor\">\n\t\t\t\t<h2 class=\"ecomus-heading em-flex em-flex-align-center ecomus-heading--default\">\n\t\t\t\t\t\t\t\t\t\tScienSync International Inc.\t\t\t\t<\/h2>\n\t\t\t<\/div>\n\t\t\t\t\t\t<\/div>\n\t\t\t\t<\/div>\n\t\t\t\t<div class=\"elementor-element elementor-element-b3093d0 elementor-widget elementor-widget-ecomus-heading\" data-id=\"b3093d0\" data-element_type=\"widget\" data-widget_type=\"ecomus-heading.default\">\n\t\t\t\t<div class=\"elementor-widget-container\">\n\t\t\t\t\t\t\t<div class=\"ecomus-heading-elementor\">\n\t\t\t\t<h4 class=\"ecomus-heading em-flex em-flex-align-center ecomus-heading--default\">\n\t\t\t\t\t\t\t\t\t\tFond\u00e9e en 2019\t\t\t\t<\/h4>\n\t\t\t<\/div>\n\t\t\t\t\t\t<\/div>\n\t\t\t\t<\/div>\n\t\t\t\t<div class=\"elementor-element elementor-element-cdba0be elementor-widget elementor-widget-ecomus-heading\" data-id=\"cdba0be\" data-element_type=\"widget\" data-widget_type=\"ecomus-heading.default\">\n\t\t\t\t<div class=\"elementor-widget-container\">\n\t\t\t\t\t\t\t<div class=\"ecomus-heading-elementor\">\n\t\t\t\t<p class=\"ecomus-heading em-flex em-flex-align-center ecomus-heading--default\">\n\t\t\t\t\t\t\t\t\t\tScienSync Inc. propose une gamme de solutions esth\u00e9tiques. Gr\u00e2ce \u00e0 notre vaste r\u00e9seau de cliniques et d\u2019\u00e9tablissements de sant\u00e9, nous offrons des produits innovants efficaces, personnalis\u00e9s et accessibles dans divers domaines. Nous sommes fiers de cr\u00e9er et de maintenir notre propre marque selon des standards \u00e9lev\u00e9s. Par ailleurs, nous exportons nos produits de haute qualit\u00e9 et les distribuons \u00e0 l\u2019international afin d\u2019assurer les meilleurs r\u00e9sultats possibles pour nos clients.\t\t\t\t<\/p>\n\t\t\t<\/div>\n\t\t\t\t\t\t<\/div>\n\t\t\t\t<\/div>\n\t\t\t\t\t<\/div>\n\t\t\t\t<\/div>\n\t\t<div class=\"elementor-element elementor-element-d1012f1 e-flex e-con-boxed ecomus-responsive-column ecomus-tablet-column--default ecomus-responsive-column ecomus-mobile-column--default e-con e-parent\" data-id=\"d1012f1\" data-element_type=\"container\">\n\t\t\t\t\t<div class=\"e-con-inner\">\n\t\t\t\t<div class=\"elementor-element elementor-element-411e5c6 ecomus-stores-tab-reverse--yes elementor-widget elementor-widget-ecomus-stores-tab\" data-id=\"411e5c6\" data-element_type=\"widget\" data-widget_type=\"ecomus-stores-tab.default\">\n\t\t\t\t<div class=\"elementor-widget-container\">\n\t\t\t\t\t\t\t<div class=\"ecomus-stores-tab ecomus-tabs--elementor em-relative\" style=\"--em-ratio-percent: 73%;\">\n            <div class=\"ecomus-stores-tab__heading em-flex ecomus-stores-tab__animation--underline\">\n                                                            <span class=\"ecomus-tab--elementor text-center\" data-tab=\"0\" data-active=\"true\">Vision<\/span>\n                                                                                <span class=\"ecomus-tab--elementor text-center\" data-tab=\"1\" data-active=\"false\">Mission<\/span>\n                                                                                <span class=\"ecomus-tab--elementor text-center\" data-tab=\"2\" data-active=\"false\">Objectif<\/span>\n                                                <\/div>\n\t\t\t                \t\t\t\t<div class=\"ecomus-stores-tab__item ecomus-tab-item--elementor em-flex\" data-tab=\"0\" data-active=\"true\">\n                    <div class=\"ecomus-stores-tab__content em-flex em-flex-center em-flex-column\">\n                        <div class=\"ecomus-stores-tab__title\">Vision<\/div>\n                        <div class=\"ecomus-stores-tab__description\"><div class=\"hdt-tabs-content hdt-text-base hdt-font-normal\">Notre vision est de faire dispara\u00eetre les fronti\u00e8res entre la science de pointe et la sant\u00e9 au quotidien, afin d\u2019atteindre une int\u00e9gration harmonieuse. \u00c0 long terme, ScienSync s\u2019engage \u00e0 \u00eatre un leader de l\u2019innovation en sant\u00e9, en promouvant le bien-\u00eatre collectif \u00e0 travers des produits transformateurs pour un avenir durable et plus sain pour tous.<\/div><\/div>\n\t\t\t\t\t\t\t\t\t\t\t<\/div>\n                    <div class=\"ecomus-stores-tab__image em-ratio em-image-rounded\">\n\t\t\t\t\t\t\t\t\t\t\t\t\t<img fetchpriority=\"high\" decoding=\"async\" width=\"600\" height=\"400\" src=\"https:\/\/sciensync.ca\/wp-content\/uploads\/2025\/09\/depositphotos_76409867-stock-photo-the-brilliant-ideas-behind-our.webp\" class=\"attachment-full size-full wp-image-7263\" alt=\"\" srcset=\"https:\/\/sciensync.ca\/wp-content\/uploads\/2025\/09\/depositphotos_76409867-stock-photo-the-brilliant-ideas-behind-our.webp 600w, https:\/\/sciensync.ca\/wp-content\/uploads\/2025\/09\/depositphotos_76409867-stock-photo-the-brilliant-ideas-behind-our-300x200.webp 300w, https:\/\/sciensync.ca\/wp-content\/uploads\/2025\/09\/depositphotos_76409867-stock-photo-the-brilliant-ideas-behind-our-18x12.webp 18w, https:\/\/sciensync.ca\/wp-content\/uploads\/2025\/09\/depositphotos_76409867-stock-photo-the-brilliant-ideas-behind-our-130x87.webp 130w\" sizes=\"(max-width: 600px) 100vw, 600px\" \/>\t\t\t\t\t\t                     <\/div>\n\t\t\t\t<\/div>\n                \t\t\t                \t\t\t\t<div class=\"ecomus-stores-tab__item ecomus-tab-item--elementor em-flex\" data-tab=\"1\" data-active=\"false\">\n                    <div class=\"ecomus-stores-tab__content em-flex em-flex-center em-flex-column\">\n                        <div class=\"ecomus-stores-tab__title\">Mission<\/div>\n                        <div class=\"ecomus-stores-tab__description\"><div class=\"hdt-tabs-content hdt-text-base hdt-font-normal\">ScienSync est d\u00e9di\u00e9e \u00e0 exploiter la puissance de la science et \u00e0 la mettre en parfaite harmonie avec le bien-\u00eatre de l\u2019humanit\u00e9. Nous cherchons \u00e0 utiliser les avanc\u00e9es scientifiques pour offrir des b\u00e9n\u00e9fices tangibles et imm\u00e9diats au bien-\u00eatre des individus.<\/div><\/div>\n\t\t\t\t\t\t\t\t\t\t\t<\/div>\n                    <div class=\"ecomus-stores-tab__image em-ratio em-image-rounded\">\n\t\t\t\t\t\t\t\t\t\t\t\t\t<img decoding=\"async\" width=\"1300\" height=\"860\" src=\"https:\/\/sciensync.ca\/wp-content\/uploads\/2025\/09\/66695058-conceptual-image-word-our-mission-on-wooden-background-alphabet-word-on-the-right.jpg\" class=\"attachment-full size-full wp-image-7265\" alt=\"\" srcset=\"https:\/\/sciensync.ca\/wp-content\/uploads\/2025\/09\/66695058-conceptual-image-word-our-mission-on-wooden-background-alphabet-word-on-the-right.jpg 1300w, https:\/\/sciensync.ca\/wp-content\/uploads\/2025\/09\/66695058-conceptual-image-word-our-mission-on-wooden-background-alphabet-word-on-the-right-300x198.jpg 300w, https:\/\/sciensync.ca\/wp-content\/uploads\/2025\/09\/66695058-conceptual-image-word-our-mission-on-wooden-background-alphabet-word-on-the-right-1024x677.jpg 1024w, https:\/\/sciensync.ca\/wp-content\/uploads\/2025\/09\/66695058-conceptual-image-word-our-mission-on-wooden-background-alphabet-word-on-the-right-768x508.jpg 768w, https:\/\/sciensync.ca\/wp-content\/uploads\/2025\/09\/66695058-conceptual-image-word-our-mission-on-wooden-background-alphabet-word-on-the-right-18x12.jpg 18w, https:\/\/sciensync.ca\/wp-content\/uploads\/2025\/09\/66695058-conceptual-image-word-our-mission-on-wooden-background-alphabet-word-on-the-right-700x463.jpg 700w, https:\/\/sciensync.ca\/wp-content\/uploads\/2025\/09\/66695058-conceptual-image-word-our-mission-on-wooden-background-alphabet-word-on-the-right-130x86.jpg 130w\" sizes=\"(max-width: 1300px) 100vw, 1300px\" \/>\t\t\t\t\t\t                     <\/div>\n\t\t\t\t<\/div>\n                \t\t\t                \t\t\t\t<div class=\"ecomus-stores-tab__item ecomus-tab-item--elementor em-flex\" data-tab=\"2\" data-active=\"false\">\n                    <div class=\"ecomus-stores-tab__content em-flex em-flex-center em-flex-column\">\n                        <div class=\"ecomus-stores-tab__title\">Objectif<\/div>\n                        <div class=\"ecomus-stores-tab__description\"><div class=\"hdt-tabs-content hdt-text-base hdt-font-normal\">Investir en Recherche &amp; D\u00e9veloppement, tirer parti des technologies de pointe et des usines de fabrication de haute qualit\u00e9 afin de proposer des produits innovants dans les secteurs esth\u00e9tiques.<\/div><\/div>\n\t\t\t\t\t\t\t\t\t\t\t<\/div>\n                    <div class=\"ecomus-stores-tab__image em-ratio em-image-rounded\">\n\t\t\t\t\t\t\t\t\t\t\t\t\t<img decoding=\"async\" width=\"1024\" height=\"1024\" src=\"https:\/\/sciensync.ca\/wp-content\/uploads\/2025\/09\/fotor_creation_2025-09-11.jpg\" class=\"attachment-full size-full wp-image-7266\" alt=\"\" srcset=\"https:\/\/sciensync.ca\/wp-content\/uploads\/2025\/09\/fotor_creation_2025-09-11.jpg 1024w, https:\/\/sciensync.ca\/wp-content\/uploads\/2025\/09\/fotor_creation_2025-09-11-300x300.jpg 300w, https:\/\/sciensync.ca\/wp-content\/uploads\/2025\/09\/fotor_creation_2025-09-11-150x150.jpg 150w, https:\/\/sciensync.ca\/wp-content\/uploads\/2025\/09\/fotor_creation_2025-09-11-768x768.jpg 768w, https:\/\/sciensync.ca\/wp-content\/uploads\/2025\/09\/fotor_creation_2025-09-11-12x12.jpg 12w, https:\/\/sciensync.ca\/wp-content\/uploads\/2025\/09\/fotor_creation_2025-09-11-500x500.jpg 500w, https:\/\/sciensync.ca\/wp-content\/uploads\/2025\/09\/fotor_creation_2025-09-11-700x700.jpg 700w, https:\/\/sciensync.ca\/wp-content\/uploads\/2025\/09\/fotor_creation_2025-09-11-130x130.jpg 130w\" sizes=\"(max-width: 1024px) 100vw, 1024px\" \/>\t\t\t\t\t\t                     <\/div>\n\t\t\t\t<\/div>\n                \t\t\t\t\t<\/div>\n\t\t\t\t\t\t<\/div>\n\t\t\t\t<\/div>\n\t\t\t\t\t<\/div>\n\t\t\t\t<\/div>\n\t\t<div class=\"elementor-element elementor-element-3ab520f e-flex e-con-boxed ecomus-responsive-column ecomus-tablet-column--default ecomus-responsive-column ecomus-mobile-column--default e-con e-parent\" data-id=\"3ab520f\" data-element_type=\"container\" data-settings=\"{&quot;background_background&quot;:&quot;video&quot;,&quot;background_video_link&quot;:&quot;https:\\\/\\\/sciensync.ca\\\/wp-content\\\/uploads\\\/2025\\\/09\\\/3151482-hd_1366_720_24fps.mp4?_=0&quot;,&quot;background_play_on_mobile&quot;:&quot;yes&quot;}\">\n\t\t\t\t\t<div class=\"e-con-inner\">\n\t\t<div class=\"elementor-background-video-container\" aria-hidden=\"true\">\n\t\t\t\t\t\t\t<video class=\"elementor-background-video-hosted\" autoplay muted playsinline loop><\/video>\n\t\t\t\t\t<\/div>\t\t<div class=\"elementor-element elementor-element-87cec8c elementor-widget elementor-widget-ecomus-heading\" data-id=\"87cec8c\" data-element_type=\"widget\" data-widget_type=\"ecomus-heading.default\">\n\t\t\t\t<div class=\"elementor-widget-container\">\n\t\t\t\t\t\t\t<div class=\"ecomus-heading-elementor\">\n\t\t\t\t<h3 class=\"ecomus-heading em-flex em-flex-align-center ecomus-heading--default\">\n\t\t\t\t\t\t\t\t\t\t\u00c9clairer la voie par la qualit\u00e9\t\t\t\t<\/h3>\n\t\t\t<\/div>\n\t\t\t\t\t\t<\/div>\n\t\t\t\t<\/div>\n\t\t\t\t<div class=\"elementor-element elementor-element-206d1ba9 elementor-widget elementor-widget-text-editor\" data-id=\"206d1ba9\" data-element_type=\"widget\" data-widget_type=\"text-editor.default\">\n\t\t\t\t\t\t\t\t\t<p>ScienSync cherche \u00e0 laisser sa marque unique dans l\u2019industrie de la sant\u00e9 en \u00e9laborant et distribuant des marques innovantes, fiables et de haute qualit\u00e9, tout en int\u00e9grant le d\u00e9veloppement durable. Nous \u00e9tablissons de nouveaux rep\u00e8res technologiques qui d\u00e9passent les attentes des clients<\/p>\t\t\t\t\t\t\t\t<\/div>\n\t\t\t\t\t<\/div>\n\t\t\t\t<\/div>\n\t\t<div class=\"elementor-element elementor-element-7d21123 e-flex e-con-boxed ecomus-responsive-column ecomus-tablet-column--default ecomus-responsive-column ecomus-mobile-column--default e-con e-parent\" data-id=\"7d21123\" data-element_type=\"container\">\n\t\t\t\t\t<div class=\"e-con-inner\">\n\t\t<div class=\"elementor-element elementor-element-7a5b8bac e-con-full e-flex ecomus-responsive-column ecomus-tablet-column--default ecomus-responsive-column ecomus-mobile-column--default e-con e-child\" data-id=\"7a5b8bac\" data-element_type=\"container\">\n\t\t\t\t<div class=\"elementor-element elementor-element-5ea3266e elementor-widget elementor-widget-ecomus-heading\" data-id=\"5ea3266e\" data-element_type=\"widget\" data-widget_type=\"ecomus-heading.default\">\n\t\t\t\t<div class=\"elementor-widget-container\">\n\t\t\t\t\t\t\t<div class=\"ecomus-heading-elementor\">\n\t\t\t\t<h3 class=\"ecomus-heading em-flex em-flex-align-center ecomus-heading--default\">\n\t\t\t\t\t\t\t\t\t\tInnover pour relier\t\t\t\t<\/h3>\n\t\t\t<\/div>\n\t\t\t\t\t\t<\/div>\n\t\t\t\t<\/div>\n\t\t\t\t<div class=\"elementor-element elementor-element-6b0433b9 elementor-widget elementor-widget-ecomus-heading\" data-id=\"6b0433b9\" data-element_type=\"widget\" data-widget_type=\"ecomus-heading.default\">\n\t\t\t\t<div class=\"elementor-widget-container\">\n\t\t\t\t\t\t\t<div class=\"ecomus-heading-elementor\">\n\t\t\t\t<div class=\"ecomus-heading em-flex em-flex-align-center ecomus-heading--default\">\n\t\t\t\t\t\t\t\t\t\tAvec un r\u00e9seau de partenariats locaux et internationaux, nous r\u00e9pondons aux besoins de communaut\u00e9s diverses, en proposant des solutions de sant\u00e9 qui r\u00e9sonnent \u00e0 travers le monde.\t\t\t\t<\/div>\n\t\t\t<\/div>\n\t\t\t\t\t\t<\/div>\n\t\t\t\t<\/div>\n\t\t\t\t<\/div>\n\t\t<div class=\"elementor-element elementor-element-7eee1343 e-con-full e-flex ecomus-responsive-column ecomus-tablet-column--default ecomus-responsive-column ecomus-mobile-column--default e-con e-child\" data-id=\"7eee1343\" data-element_type=\"container\">\n\t\t\t\t<div class=\"elementor-element elementor-element-19a340bb elementor-widget elementor-widget-image\" data-id=\"19a340bb\" data-element_type=\"widget\" data-widget_type=\"image.default\">\n\t\t\t\t\t\t\t\t\t\t\t\t\t\t\t<img loading=\"lazy\" decoding=\"async\" width=\"219\" height=\"300\" src=\"https:\/\/sciensync.ca\/wp-content\/uploads\/2025\/09\/homev5_cat2-219x300.webp\" class=\"attachment-medium size-medium wp-image-7222\" alt=\"\" srcset=\"https:\/\/sciensync.ca\/wp-content\/uploads\/2025\/09\/homev5_cat2-219x300.webp 219w, https:\/\/sciensync.ca\/wp-content\/uploads\/2025\/09\/homev5_cat2-748x1024.webp 748w, https:\/\/sciensync.ca\/wp-content\/uploads\/2025\/09\/homev5_cat2-9x12.webp 9w, https:\/\/sciensync.ca\/wp-content\/uploads\/2025\/09\/homev5_cat2-700x959.webp 700w, https:\/\/sciensync.ca\/wp-content\/uploads\/2025\/09\/homev5_cat2-130x178.webp 130w, https:\/\/sciensync.ca\/wp-content\/uploads\/2025\/09\/homev5_cat2.webp 768w\" sizes=\"(max-width: 219px) 100vw, 219px\" \/>\t\t\t\t\t\t\t\t\t\t\t\t\t\t\t<\/div>\n\t\t\t\t<\/div>\n\t\t\t\t\t<\/div>\n\t\t\t\t<\/div>\n\t\t\t\t<\/div>","protected":false},"excerpt":{"rendered":"<p>About Us ScienSync International Inc. Established &#8211; 2019 ScienSync Inc. provides a range of aesthetic solutions. Through our extensive partnership of healthcare facilities, we deliver affordable, effective, and personalized innovative products across various specialties. We take pride in designing and maintaining our own brand, adhering to the highest standards. Additionally, We export our high quality [&hellip;]<\/p>","protected":false},"author":1,"featured_media":0,"parent":0,"menu_order":0,"comment_status":"closed","ping_status":"closed","template":"","meta":{"footnotes":""},"class_list":["post-208","page","type-page","status-publish","hentry"],"_links":{"self":[{"href":"https:\/\/sciensync.ca\/fr\/wp-json\/wp\/v2\/pages\/208","targetHints":{"allow":["GET"]}}],"collection":[{"href":"https:\/\/sciensync.ca\/fr\/wp-json\/wp\/v2\/pages"}],"about":[{"href":"https:\/\/sciensync.ca\/fr\/wp-json\/wp\/v2\/types\/page"}],"author":[{"embeddable":true,"href":"https:\/\/sciensync.ca\/fr\/wp-json\/wp\/v2\/users\/1"}],"replies":[{"embeddable":true,"href":"https:\/\/sciensync.ca\/fr\/wp-json\/wp\/v2\/comments?post=208"}],"version-history":[{"count":121,"href":"https:\/\/sciensync.ca\/fr\/wp-json\/wp\/v2\/pages\/208\/revisions"}],"predecessor-version":[{"id":9747,"href":"https:\/\/sciensync.ca\/fr\/wp-json\/wp\/v2\/pages\/208\/revisions\/9747"}],"wp:attachment":[{"href":"https:\/\/sciensync.ca\/fr\/wp-json\/wp\/v2\/media?parent=208"}],"curies":[{"name":"wp","href":"https:\/\/api.w.org\/{rel}","templated":true}]}}