{"id":206,"date":"2024-06-10T08:18:09","date_gmt":"2024-06-10T08:18:09","guid":{"rendered":"https:\/\/raw.githubusercontent.com\/drfuri\/demo-content\/main\/ecomus\/home-skincare\/images\/?page_id=206"},"modified":"2025-10-08T10:43:31","modified_gmt":"2025-10-08T10:43:31","slug":"contact-us","status":"publish","type":"page","link":"https:\/\/sciensync.ca\/fr\/contact-us\/","title":{"rendered":"Contactez-Nous"},"content":{"rendered":"<div data-elementor-type=\"wp-page\" data-elementor-id=\"206\" class=\"elementor elementor-206\" data-elementor-post-type=\"page\">\n\t\t\t\t<div class=\"elementor-element elementor-element-64dcc4b e-con-full e-flex ecomus-responsive-column ecomus-tablet-column--default ecomus-responsive-column ecomus-mobile-column--default e-con e-parent\" data-id=\"64dcc4b\" data-element_type=\"container\">\n\t\t\t\t<div class=\"elementor-element elementor-element-ea86e0d navigation-class-dots navigation-class--tabletdots navigation-class--mobiledots ecomus-slides__dots-position-bottom elementor-widget elementor-widget-ecomus-slides\" data-id=\"ea86e0d\" data-element_type=\"widget\" data-settings=\"{&quot;autoplay&quot;:&quot;yes&quot;,&quot;effect&quot;:&quot;slide&quot;,&quot;slides_to_show&quot;:1,&quot;slides_to_scroll&quot;:1,&quot;navigation&quot;:&quot;both&quot;,&quot;autoplay_speed&quot;:3000,&quot;pause_on_hover&quot;:&quot;yes&quot;,&quot;speed&quot;:800}\" data-widget_type=\"ecomus-slides.default\">\n\t\t\t\t<div class=\"elementor-widget-container\">\n\t\t\t\t\t\t\t<div class=\"ecomus-slides-elementor ecomus-carousel--elementor swiper\" stytle=\"\">\n\t\t\t<div class=\"ecomus-slides-elementor__inner swiper-wrapper\">\n\t\t\t\t\t\t\t\t<div class=\"elementor-repeater-item-2098c7e ecomus-slides-elementor__item swiper-slide swiper-slide-active\">\n\t\t\t\t\t\t<div class=\"ecomus-slide em-container em-flex\">\n\t\t\t\t\t\t\t\t\t\t\t\t\t\t<div class=\"ecomus-slide__content\">\n\t\t\t\t\t\t\t\t\n\t\t\t\t\t\t\t\t\t\t\t\t\t\t\t\t\t<h2 class=\"ecomus-slide__title\">Contactez-Nous<\/h2>\n\t\t\t\t\t\t\t\t\n\t\t\t\t\t\t\t\t\n\t\t\t\t\t\t\t\t\n\t\t\t\t\t\t\t\t\t\t\t\t\t\t\t<\/div>\n\t\t\t\t\t\t<\/div>\n\t\t\t\t\t<\/div>\n\t\t\t\t\t\t\t<\/div>\n\t\t\t<div class=\"swiper-arrows\">\n\t\t\t\t<span class=\"ecomus-svg-icon ecomus-svg-icon--left-mini elementor-swiper-button-prev swiper-button\" ><svg aria-hidden=\"true\" role=\"img\" focusable=\"false\" width=\"7\" height=\"11\" viewbox=\"0 0 7 11\" fill=\"currentColor\" xmlns=\"http:\/\/www.w3.org\/2000\/svg\"><path d=\"M5.5 11L0 5.5L5.5 0L6.47625 0.97625L1.9525 5.5L6.47625 10.0238L5.5 11Z\" fill=\"currentColor\"\/><\/svg><\/span><span class=\"ecomus-svg-icon ecomus-svg-icon--right-mini elementor-swiper-button-next swiper-button\" ><svg aria-hidden=\"true\" role=\"img\" focusable=\"false\" width=\"7\" height=\"11\" viewbox=\"0 0 7 11\" fill=\"currentColor\" xmlns=\"http:\/\/www.w3.org\/2000\/svg\"><path d=\"M1.5 11L7 5.5L1.5 0L0.52375 0.97625L5.0475 5.5L0.52375 10.0238L1.5 11Z\" fill=\"currentColor\"\/><\/svg><\/span>\t\t\t<\/div>\n\t\t\t<div class=\"swiper-pagination  em-container swiper-pagination-bullet--background\"><\/div>\t\t<\/div>\n\t\t\t\t\t<\/div>\n\t\t\t\t<\/div>\n\t\t\t\t<\/div>\n\t\t<div class=\"elementor-element elementor-element-773776e9 e-con-full e-flex ecomus-responsive-column ecomus-tablet-column--default ecomus-responsive-column ecomus-mobile-column--default e-con e-parent\" data-id=\"773776e9\" data-element_type=\"container\" data-settings=\"{&quot;background_background&quot;:&quot;classic&quot;}\">\n\t\t\t\t<div class=\"elementor-element elementor-element-531f1ef2 elementor-widget elementor-widget-google_maps\" data-id=\"531f1ef2\" data-element_type=\"widget\" data-widget_type=\"google_maps.default\">\n\t\t\t\t\t\t\t<div class=\"elementor-custom-embed\">\n\t\t\t<iframe loading=\"lazy\"\n\t\t\t\t\tsrc=\"https:\/\/maps.google.com\/maps?q=Zimmerman%20Ave%20Niagara%20Falls&#038;t=m&#038;z=13&#038;output=embed&#038;iwloc=near\"\n\t\t\t\t\ttitle=\"Zimmerman Ave Niagara Falls\"\n\t\t\t\t\taria-label=\"Zimmerman Ave Niagara Falls\"\n\t\t\t><\/iframe>\n\t\t<\/div>\n\t\t\t\t\t\t<\/div>\n\t\t\t\t<\/div>\n\t\t<div class=\"elementor-element elementor-element-3b4217a e-flex e-con-boxed ecomus-responsive-column ecomus-tablet-column--default ecomus-responsive-column ecomus-mobile-column--default e-con e-parent\" data-id=\"3b4217a\" data-element_type=\"container\">\n\t\t\t\t\t<div class=\"e-con-inner\">\n\t\t<div class=\"elementor-element elementor-element-e1fef32 e-flex e-con-boxed ecomus-responsive-column ecomus-tablet-column--default ecomus-responsive-column ecomus-mobile-column--default e-con e-child\" data-id=\"e1fef32\" data-element_type=\"container\">\n\t\t\t\t\t<div class=\"e-con-inner\">\n\t\t\t\t<div class=\"elementor-element elementor-element-2935899 elementor-widget elementor-widget-ecomus-heading\" data-id=\"2935899\" data-element_type=\"widget\" data-widget_type=\"ecomus-heading.default\">\n\t\t\t\t<div class=\"elementor-widget-container\">\n\t\t\t\t\t\t\t<div class=\"ecomus-heading-elementor\">\n\t\t\t\t<h4 class=\"ecomus-heading em-flex em-flex-align-center ecomus-heading--default\">\n\t\t\t\t\t\t\t\t\t\tEntrer en contact\t\t\t\t<\/h4>\n\t\t\t<\/div>\n\t\t\t\t\t\t<\/div>\n\t\t\t\t<\/div>\n\t\t\t\t<div class=\"elementor-element elementor-element-4a6ad1f elementor-widget elementor-widget-text-editor\" data-id=\"4a6ad1f\" data-element_type=\"widget\" data-widget_type=\"text-editor.default\">\n\t\t\t\t\t\t\t\t\t<p>Chez Sciensync, nous nous engageons \u00e0 offrir des services m\u00e9dicaux et un soutien d\u2019une qualit\u00e9 exceptionnelle.\nQue vous ayez des questions sur nos offres, que vous souhaitiez obtenir davantage d\u2019informations sur nos produits ou discuter d\u2019un partenariat potentiel, notre \u00e9quipe est \u00e0 votre disposition pour vous aider.\nN\u2019h\u00e9sitez pas \u00e0 nous contacter en utilisant les coordonn\u00e9es ci-dessous, ou \u00e0 remplir le formulaire de contact \u2014 nous vous r\u00e9pondrons rapidement.\nVos questions et vos commentaires sont importants pour nous, et nous sommes impatients d\u2019entrer en contact avec vous.<\/p>\t\t\t\t\t\t\t\t<\/div>\n\t\t\t\t\t<\/div>\n\t\t\t\t<\/div>\n\t\t\t\t\t<\/div>\n\t\t\t\t<\/div>\n\t\t<div class=\"elementor-element elementor-element-6481ff4c e-flex e-con-boxed ecomus-responsive-column ecomus-tablet-column--default ecomus-responsive-column ecomus-mobile-column--default e-con e-parent\" data-id=\"6481ff4c\" data-element_type=\"container\">\n\t\t\t\t\t<div class=\"e-con-inner\">\n\t\t<div class=\"elementor-element elementor-element-3a5ef4d5 e-con-full e-flex ecomus-responsive-column ecomus-tablet-column--default ecomus-responsive-column ecomus-mobile-column--default e-con e-child\" data-id=\"3a5ef4d5\" data-element_type=\"container\">\n\t\t\t\t<div class=\"elementor-element elementor-element-5557f743 elementor-widget elementor-widget-heading\" data-id=\"5557f743\" data-element_type=\"widget\" data-widget_type=\"heading.default\">\n\t\t\t\t\t<h5 class=\"elementor-heading-title elementor-size-default\">Visitez Nos Bureaux<\/h5>\t\t\t\t<\/div>\n\t\t\t\t<div class=\"elementor-element elementor-element-15dc7da4 elementor-widget elementor-widget-heading\" data-id=\"15dc7da4\" data-element_type=\"widget\" data-widget_type=\"heading.default\">\n\t\t\t\t\t<p class=\"elementor-heading-title elementor-size-default\">\u00a0 Bureau de ScienSync International Inc.<\/p>\t\t\t\t<\/div>\n\t\t\t\t<div class=\"elementor-element elementor-element-40645f42 elementor-widget elementor-widget-text-editor\" data-id=\"40645f42\" data-element_type=\"widget\" data-widget_type=\"text-editor.default\">\n\t\t\t\t\t\t\t\t\t<p><span class=\"elementor-icon-list-text\">4551 Zimmerman ave Niagara Falls, en Ontario, L2E3M5 Canada <\/span><\/p>\t\t\t\t\t\t\t\t<\/div>\n\t\t\t\t<div class=\"elementor-element elementor-element-3fdbfb2f elementor-widget elementor-widget-heading\" data-id=\"3fdbfb2f\" data-element_type=\"widget\" data-widget_type=\"heading.default\">\n\t\t\t\t\t<h6 class=\"elementor-heading-title elementor-size-default\">T\u00e9l\u00e9phone<\/h6>\t\t\t\t<\/div>\n\t\t\t\t<div class=\"elementor-element elementor-element-459fad79 elementor-widget elementor-widget-text-editor\" data-id=\"459fad79\" data-element_type=\"widget\" data-widget_type=\"text-editor.default\">\n\t\t\t\t\t\t\t\t\t<p><span class=\"elementor-icon-list-text\">+1 647 637 7378<\/span><\/p>\t\t\t\t\t\t\t\t<\/div>\n\t\t\t\t<div class=\"elementor-element elementor-element-657b46b4 elementor-widget elementor-widget-heading\" data-id=\"657b46b4\" data-element_type=\"widget\" data-widget_type=\"heading.default\">\n\t\t\t\t\t<h6 class=\"elementor-heading-title elementor-size-default\">Courriel<\/h6>\t\t\t\t<\/div>\n\t\t\t\t<div class=\"elementor-element elementor-element-2a09a01 elementor-widget elementor-widget-text-editor\" data-id=\"2a09a01\" data-element_type=\"widget\" data-widget_type=\"text-editor.default\">\n\t\t\t\t\t\t\t\t\t<p><span class=\"elementor-icon-list-text\"><a class=\"d-inline\" href=\"mailto:info@sciensync.com\">info@sciensync.ca<\/a><\/span><\/p>\t\t\t\t\t\t\t\t<\/div>\n\t\t\t\t<\/div>\n\t\t<div class=\"elementor-element elementor-element-5e36d2bb e-con-full e-flex ecomus-responsive-column ecomus-tablet-column--default ecomus-responsive-column ecomus-mobile-column--default e-con e-child\" data-id=\"5e36d2bb\" data-element_type=\"container\">\n\t\t\t\t<div class=\"elementor-element elementor-element-1322bb89 elementor-widget elementor-widget-heading\" data-id=\"1322bb89\" data-element_type=\"widget\" data-widget_type=\"heading.default\">\n\t\t\t\t\t<h5 class=\"elementor-heading-title elementor-size-default\">N\u2019h\u00e9sitez pas \u00e0 demander des pr\u00e9cisions \u2014 aucune question n\u2019est trop petite !<\/h5>\t\t\t\t<\/div>\n\t\t\t\t<div class=\"elementor-element elementor-element-47226558 elementor-widget elementor-widget-ecomus-contact-form\" data-id=\"47226558\" data-element_type=\"widget\" data-widget_type=\"ecomus-contact-form.default\">\n\t\t\t\t<div class=\"elementor-widget-container\">\n\t\t\t\t\t\t\t<div class=\"ecomus-contact-form ecomus-custom-button--skin\">\n\t\t\t\n<div class=\"wpcf7 no-js\" id=\"wpcf7-f348-o1\" lang=\"en-US\" dir=\"ltr\" data-wpcf7-id=\"348\">\n<div class=\"screen-reader-response\"><p role=\"status\" aria-live=\"polite\" aria-atomic=\"true\"><\/p> <ul><\/ul><\/div>\n<form action=\"\/fr\/wp-json\/wp\/v2\/pages\/206#wpcf7-f348-o1\" method=\"post\" class=\"wpcf7-form init\" aria-label=\"Contact form\" novalidate=\"novalidate\" data-status=\"init\" data-trp-original-action=\"\/fr\/wp-json\/wp\/v2\/pages\/206#wpcf7-f348-o1\">\n<fieldset class=\"hidden-fields-container\"><input type=\"hidden\" name=\"_wpcf7\" value=\"348\" \/><input type=\"hidden\" name=\"_wpcf7_version\" value=\"6.1.1\" \/><input type=\"hidden\" name=\"_wpcf7_locale\" value=\"en_US\" \/><input type=\"hidden\" name=\"_wpcf7_unit_tag\" value=\"wpcf7-f348-o1\" \/><input type=\"hidden\" name=\"_wpcf7_container_post\" value=\"0\" \/><input type=\"hidden\" name=\"_wpcf7_posted_data_hash\" value=\"\" \/>\n<\/fieldset>\n<div class=\"em-row\">\n\t<div class=\"em-xs-12 em-md-6 em-col\">\n\t\t<p><span class=\"wpcf7-form-control-wrap\" data-name=\"em-name\"><input size=\"40\" maxlength=\"400\" class=\"wpcf7-form-control wpcf7-text wpcf7-validates-as-required\" aria-required=\"true\" aria-invalid=\"false\" placeholder=\"Nom Complet *\" value=\"\" type=\"text\" name=\"em-name\" \/><\/span>\n\t\t<\/p>\n\t<\/div>\n\t<div class=\"em-xs-12 em-md-6 em-col\">\n\t\t<p><span class=\"wpcf7-form-control-wrap\" data-name=\"em-email\"><input size=\"40\" maxlength=\"400\" class=\"wpcf7-form-control wpcf7-email wpcf7-validates-as-required wpcf7-text wpcf7-validates-as-email\" aria-required=\"true\" aria-invalid=\"false\" placeholder=\"Courriel *\" value=\"\" type=\"email\" name=\"em-email\" \/><\/span>\n\t\t<\/p>\n\t<\/div>\n\t<div class=\"em-xs-12 em-md-12 em-col\">\n\t\t<p><span class=\"wpcf7-form-control-wrap\" data-name=\"em-subject\"><input size=\"40\" maxlength=\"400\" class=\"wpcf7-form-control wpcf7-text wpcf7-validates-as-required\" aria-required=\"true\" aria-invalid=\"false\" placeholder=\"Sujet*\" value=\"\" type=\"text\" name=\"em-subject\" \/><\/span>\n\t\t<\/p>\n\t<\/div>\n\t<div class=\"em-xs-12 em-md-12 em-col\">\n\t\t<p><span class=\"wpcf7-form-control-wrap\" data-name=\"em-message\"><textarea cols=\"40\" rows=\"10\" maxlength=\"2000\" class=\"wpcf7-form-control wpcf7-textarea\" aria-invalid=\"false\" placeholder=\"Message\" name=\"em-message\"><\/textarea><\/span>\n\t\t<\/p>\n\t<\/div>\n\t<div class=\"em-xs-12 em-md-12 em-col\">\n\t\t<p><input class=\"wpcf7-form-control wpcf7-submit has-spinner\" type=\"submit\" value=\"Envoyer\" \/>\n\t\t<\/p>\n\t<\/div>\n<\/div><div class=\"wpcf7-response-output\" aria-hidden=\"true\"><\/div>\n<input type=\"hidden\" name=\"trp-form-language\" value=\"fr\"\/><\/form>\n<\/div>\n\t\t<\/div>\n\t\t\t\t\t\t<\/div>\n\t\t\t\t<\/div>\n\t\t\t\t<\/div>\n\t\t\t\t\t<\/div>\n\t\t\t\t<\/div>\n\t\t\t\t<\/div>","protected":false},"excerpt":{"rendered":"<p>Contact Us Get in Touch At Sciensync, we&#8217;re dedicated to providing exceptional medical services and support. Whether you have questions about our offerings, need more information about our products, or want to discuss a potential partnership, our team is here to assist you. Please feel free to reach out to us using the contact details [&hellip;]<\/p>","protected":false},"author":1,"featured_media":0,"parent":0,"menu_order":0,"comment_status":"closed","ping_status":"closed","template":"","meta":{"footnotes":""},"class_list":["post-206","page","type-page","status-publish","hentry"],"_links":{"self":[{"href":"https:\/\/sciensync.ca\/fr\/wp-json\/wp\/v2\/pages\/206","targetHints":{"allow":["GET"]}}],"collection":[{"href":"https:\/\/sciensync.ca\/fr\/wp-json\/wp\/v2\/pages"}],"about":[{"href":"https:\/\/sciensync.ca\/fr\/wp-json\/wp\/v2\/types\/page"}],"author":[{"embeddable":true,"href":"https:\/\/sciensync.ca\/fr\/wp-json\/wp\/v2\/users\/1"}],"replies":[{"embeddable":true,"href":"https:\/\/sciensync.ca\/fr\/wp-json\/wp\/v2\/comments?post=206"}],"version-history":[{"count":40,"href":"https:\/\/sciensync.ca\/fr\/wp-json\/wp\/v2\/pages\/206\/revisions"}],"predecessor-version":[{"id":9721,"href":"https:\/\/sciensync.ca\/fr\/wp-json\/wp\/v2\/pages\/206\/revisions\/9721"}],"wp:attachment":[{"href":"https:\/\/sciensync.ca\/fr\/wp-json\/wp\/v2\/media?parent=206"}],"curies":[{"name":"wp","href":"https:\/\/api.w.org\/{rel}","templated":true}]}}